{"id":7,"date":"2021-06-08T07:41:23","date_gmt":"2021-06-08T07:41:23","guid":{"rendered":"https:\/\/barcag.com\/online\/sepet\/"},"modified":"2022-06-23T11:18:29","modified_gmt":"2022-06-23T08:18:29","slug":"sepet","status":"publish","type":"page","link":"https:\/\/barcag.com\/online\/sepet\/","title":{"rendered":"Sepet"},"content":{"rendered":"<p><span style=\"vertical-align: inherit;\"><span style=\"vertical-align: inherit;\"><\/span><\/span><\/p>\n","protected":false},"excerpt":{"rendered":"","protected":false},"author":1,"featured_media":0,"parent":0,"menu_order":0,"comment_status":"closed","ping_status":"closed","template":"","meta":{"inline_featured_image":false,"_joinchat":[],"footnotes":""},"class_list":["post-7","page","type-page","status-publish","hentry"],"yoast_head":"<!-- This site is optimized with the Yoast SEO plugin v26.7 - https:\/\/yoast.com\/wordpress\/plugins\/seo\/ -->\n<title>Sepet - Bar\u00e7a\u011f Yaz\u0131l\u0131m<\/title>\n<meta name=\"robots\" content=\"noindex, nofollow\" \/>\n<meta property=\"og:locale\" content=\"tr_TR\" \/>\n<meta property=\"og:type\" content=\"article\" \/>\n<meta property=\"og:title\" content=\"Sepet - Bar\u00e7a\u011f Yaz\u0131l\u0131m\" \/>\n<meta property=\"og:url\" content=\"https:\/\/barcag.com\/online\/sepet\/\" \/>\n<meta property=\"og:site_name\" content=\"Bar\u00e7a\u011f Yaz\u0131l\u0131m\" \/>\n<meta property=\"article:modified_time\" content=\"2022-06-23T08:18:29+00:00\" \/>\n<meta name=\"twitter:card\" content=\"summary_large_image\" \/>\n<meta name=\"twitter:label1\" content=\"Tahmini okuma s\u00fcresi\" \/>\n\t<meta name=\"twitter:data1\" content=\"1 dakika\" \/>\n<script type=\"application\/ld+json\" class=\"yoast-schema-graph\">{\"@context\":\"https:\/\/schema.org\",\"@graph\":[{\"@type\":\"WebPage\",\"@id\":\"https:\/\/barcag.com\/online\/sepet\/\",\"url\":\"https:\/\/barcag.com\/online\/sepet\/\",\"name\":\"Sepet - Bar\u00e7a\u011f Yaz\u0131l\u0131m\",\"isPartOf\":{\"@id\":\"https:\/\/barcag.com\/online\/#website\"},\"datePublished\":\"2021-06-08T07:41:23+00:00\",\"dateModified\":\"2022-06-23T08:18:29+00:00\",\"breadcrumb\":{\"@id\":\"https:\/\/barcag.com\/online\/sepet\/#breadcrumb\"},\"inLanguage\":\"tr\",\"potentialAction\":[{\"@type\":\"ReadAction\",\"target\":[\"https:\/\/barcag.com\/online\/sepet\/\"]}]},{\"@type\":\"BreadcrumbList\",\"@id\":\"https:\/\/barcag.com\/online\/sepet\/#breadcrumb\",\"itemListElement\":[{\"@type\":\"ListItem\",\"position\":1,\"name\":\"Anasayfa\",\"item\":\"https:\/\/barcag.com\/online\/\"},{\"@type\":\"ListItem\",\"position\":2,\"name\":\"Sepet\"}]},{\"@type\":\"WebSite\",\"@id\":\"https:\/\/barcag.com\/online\/#website\",\"url\":\"https:\/\/barcag.com\/online\/\",\"name\":\"Bar\u00e7a\u011f Yaz\u0131l\u0131m\",\"description\":\"Online\",\"publisher\":{\"@id\":\"https:\/\/barcag.com\/online\/#organization\"},\"potentialAction\":[{\"@type\":\"SearchAction\",\"target\":{\"@type\":\"EntryPoint\",\"urlTemplate\":\"https:\/\/barcag.com\/online\/?s={search_term_string}\"},\"query-input\":{\"@type\":\"PropertyValueSpecification\",\"valueRequired\":true,\"valueName\":\"search_term_string\"}}],\"inLanguage\":\"tr\"},{\"@type\":\"Organization\",\"@id\":\"https:\/\/barcag.com\/online\/#organization\",\"name\":\"Bar\u00e7a\u011f Yaz\u0131l\u0131m\",\"url\":\"https:\/\/barcag.com\/online\/\",\"logo\":{\"@type\":\"ImageObject\",\"inLanguage\":\"tr\",\"@id\":\"https:\/\/barcag.com\/online\/#\/schema\/logo\/image\/\",\"url\":\"https:\/\/barcag.com\/online\/wp-content\/uploads\/2022\/03\/yenilogorenkli.svg\",\"contentUrl\":\"https:\/\/barcag.com\/online\/wp-content\/uploads\/2022\/03\/yenilogorenkli.svg\",\"width\":1,\"height\":1,\"caption\":\"Bar\u00e7a\u011f Yaz\u0131l\u0131m\"},\"image\":{\"@id\":\"https:\/\/barcag.com\/online\/#\/schema\/logo\/image\/\"}}]}<\/script>\n<!-- \/ Yoast SEO plugin. -->","yoast_head_json":{"title":"Sepet - Bar\u00e7a\u011f Yaz\u0131l\u0131m","robots":{"index":"noindex","follow":"nofollow"},"og_locale":"tr_TR","og_type":"article","og_title":"Sepet - Bar\u00e7a\u011f Yaz\u0131l\u0131m","og_url":"https:\/\/barcag.com\/online\/sepet\/","og_site_name":"Bar\u00e7a\u011f Yaz\u0131l\u0131m","article_modified_time":"2022-06-23T08:18:29+00:00","twitter_card":"summary_large_image","twitter_misc":{"Tahmini okuma s\u00fcresi":"1 dakika"},"schema":{"@context":"https:\/\/schema.org","@graph":[{"@type":"WebPage","@id":"https:\/\/barcag.com\/online\/sepet\/","url":"https:\/\/barcag.com\/online\/sepet\/","name":"Sepet - Bar\u00e7a\u011f Yaz\u0131l\u0131m","isPartOf":{"@id":"https:\/\/barcag.com\/online\/#website"},"datePublished":"2021-06-08T07:41:23+00:00","dateModified":"2022-06-23T08:18:29+00:00","breadcrumb":{"@id":"https:\/\/barcag.com\/online\/sepet\/#breadcrumb"},"inLanguage":"tr","potentialAction":[{"@type":"ReadAction","target":["https:\/\/barcag.com\/online\/sepet\/"]}]},{"@type":"BreadcrumbList","@id":"https:\/\/barcag.com\/online\/sepet\/#breadcrumb","itemListElement":[{"@type":"ListItem","position":1,"name":"Anasayfa","item":"https:\/\/barcag.com\/online\/"},{"@type":"ListItem","position":2,"name":"Sepet"}]},{"@type":"WebSite","@id":"https:\/\/barcag.com\/online\/#website","url":"https:\/\/barcag.com\/online\/","name":"Bar\u00e7a\u011f Yaz\u0131l\u0131m","description":"Online","publisher":{"@id":"https:\/\/barcag.com\/online\/#organization"},"potentialAction":[{"@type":"SearchAction","target":{"@type":"EntryPoint","urlTemplate":"https:\/\/barcag.com\/online\/?s={search_term_string}"},"query-input":{"@type":"PropertyValueSpecification","valueRequired":true,"valueName":"search_term_string"}}],"inLanguage":"tr"},{"@type":"Organization","@id":"https:\/\/barcag.com\/online\/#organization","name":"Bar\u00e7a\u011f Yaz\u0131l\u0131m","url":"https:\/\/barcag.com\/online\/","logo":{"@type":"ImageObject","inLanguage":"tr","@id":"https:\/\/barcag.com\/online\/#\/schema\/logo\/image\/","url":"https:\/\/barcag.com\/online\/wp-content\/uploads\/2022\/03\/yenilogorenkli.svg","contentUrl":"https:\/\/barcag.com\/online\/wp-content\/uploads\/2022\/03\/yenilogorenkli.svg","width":1,"height":1,"caption":"Bar\u00e7a\u011f Yaz\u0131l\u0131m"},"image":{"@id":"https:\/\/barcag.com\/online\/#\/schema\/logo\/image\/"}}]}},"_links":{"self":[{"href":"https:\/\/barcag.com\/online\/wp-json\/wp\/v2\/pages\/7","targetHints":{"allow":["GET"]}}],"collection":[{"href":"https:\/\/barcag.com\/online\/wp-json\/wp\/v2\/pages"}],"about":[{"href":"https:\/\/barcag.com\/online\/wp-json\/wp\/v2\/types\/page"}],"author":[{"embeddable":true,"href":"https:\/\/barcag.com\/online\/wp-json\/wp\/v2\/users\/1"}],"replies":[{"embeddable":true,"href":"https:\/\/barcag.com\/online\/wp-json\/wp\/v2\/comments?post=7"}],"version-history":[{"count":0,"href":"https:\/\/barcag.com\/online\/wp-json\/wp\/v2\/pages\/7\/revisions"}],"wp:attachment":[{"href":"https:\/\/barcag.com\/online\/wp-json\/wp\/v2\/media?parent=7"}],"curies":[{"name":"wp","href":"https:\/\/api.w.org\/{rel}","templated":true}]}}