{"id":89,"date":"2021-06-08T12:47:06","date_gmt":"2021-06-08T12:47:06","guid":{"rendered":"https:\/\/barcag.com\/online\/?page_id=89"},"modified":"2025-11-13T15:38:19","modified_gmt":"2025-11-13T12:38:19","slug":"kvkk","status":"publish","type":"page","link":"https:\/\/barcag.com\/online\/kvkk\/","title":{"rendered":"KVKK"},"content":{"rendered":"<p><strong>BAR\u00c7A\u011e YAZILIM KVKK \u0130NTERNET S\u0130TES\u0130 KULLANICILARI AYDINLATMA METN\u0130<\/strong><\/p>\n<p>BAR\u00c7A\u011e (\u201c<strong>BAR\u00c7A\u011e<\/strong>\u201d) olarak, ki\u015fisel verilerinizin g\u00fcvenli\u011fi konusuna \u00f6nem vermekteyiz. Taraf\u0131n\u0131zdan payla\u015f\u0131lan her t\u00fcrl\u00fc ki\u015fisel veriyi, mahremiyetine \u00f6zen g\u00f6sterecek ve ki\u015fisel verilerinize ili\u015fkin uygun g\u00fcvenlik d\u00fczeyini temin etmeye y\u00f6nelik gerekli her t\u00fcrl\u00fc teknik ve idari tedbiri alacak \u015fekilde muhafaza etmekteyiz. Bu sorumlulu\u011fumuzun bilinciyle 6698 say\u0131l\u0131 Ki\u015fisel Verilerin Korunmas\u0131 Kanunu (\u201cKanun\u201d) ve ilgili mevzuat kapsam\u0131nda veri sorumlusu s\u0131fat\u0131yla, ki\u015fisel verilerinizi a\u015fa\u011f\u0131da a\u00e7\u0131klanan \u00e7er\u00e7evede mevzuata uygun olarak i\u015flemekteyiz.<\/p>\n<p><strong>1. \u0130\u015flenen Ki\u015fisel Verileriniz<\/strong><\/p>\n<p>IP adresi bilgileri, internet sitesi giri\u015f \u00e7\u0131k\u0131\u015f bilgileri, \u015fifre ve parola bilgileriniz ve formlar veya e-postalar\u0131n\u0131zda payla\u015ft\u0131\u011f\u0131n\u0131z ki\u015fisel verileriniz BAR\u00c7A\u011e Ki\u015fisel Verilerin \u0130\u015flenmesi ve Korunmas\u0131 Politikas\u0131\u00a0\u00e7er\u00e7evesinde i\u015flenmektedir.<\/p>\n<p><strong>1.1. Ki\u015fisel Verileriniz \u0130\u015fleme Ama\u00e7lar\u0131<\/strong><\/p>\n<p>\u2022 Sizlerle ileti\u015fim kurma,<br \/>\n\u2022 Elektronik posta ve online reklam gibi yollarla \u00fcr\u00fcnler hakk\u0131nda bilgilendirme,<br \/>\n\u2022 Araman\u0131n teyidi, \u015firketimizin hizmet ve kampanyalar\u0131 hakk\u0131nda bilgi ve dan\u0131\u015fma s\u00fcre\u00e7lerinin y\u00fcr\u00fct\u00fclmesi,<br \/>\n\u2022 Pazarlama faaliyetleri,<br \/>\n\u2022 S\u00f6zle\u015fme \u00f6ncesi \u00f6n g\u00f6r\u00fc\u015fmelerde haberle\u015fme,<br \/>\n\u2022 \u0130\u015f ba\u015fvuru s\u00fcre\u00e7lerinin y\u00fcr\u00fct\u00fclmesi,<br \/>\n\u2022 Bilgi G\u00fcvenli\u011fi S\u00fcre\u00e7lerinin Y\u00fcr\u00fct\u00fclmesi. ama\u00e7lar\u0131yla i\u015flenecektir.<\/p>\n<p><strong>2. Ki\u015fisel Verilerinizin Aktar\u0131lmas\u0131<\/strong><\/p>\n<p>Ki\u015fisel verileriniz, yukar\u0131da belirtilen ama\u00e7larla, mevzuatta\u00a0<strong>BAR\u00c7A\u011e<\/strong>\u2019a y\u00fcklenen y\u00fck\u00fcml\u00fcl\u00fckler kapsam\u0131nda yetkili kamu kurum ve kurulu\u015flar\u0131 ile i\u015f ortaklar\u0131, ger\u00e7ek ki\u015filer ve \u00f6zel hukuk t\u00fczel ki\u015filerine aktar\u0131labilecektir.<\/p>\n<p>Bu ki\u015fisel verileriniz Bulut depolamalar\u0131 ile s\u0131n\u0131rl\u0131 olmak kayd\u0131yla yurtd\u0131\u015f\u0131na aktar\u0131lmaktad\u0131r.<\/p>\n<p><strong>3. Ki\u015fisel Veri Elde Etmenin Y\u00f6ntemi ve Hukuki Sebebi<\/strong><\/p>\n<p>Ki\u015fisel verileriniz internet sitemizi kullan\u0131rken veya bizimle payla\u015ft\u0131\u011f\u0131n\u0131z di\u011fer verilerinizin depolanmas\u0131 suretiyle ve a\u00e7\u0131k r\u0131za hukuki sebebine dayan\u0131larak elde edilmektedir.<\/p>\n<p><strong>4. Ki\u015fisel Verilerin Korunmas\u0131na Y\u00f6nelik Haklar\u0131n\u0131z<\/strong><\/p>\n<p>Kanun ve ilgili mevzuat uyar\u0131nca;<br \/>\n\u2022\u00a0Ki\u015fisel verilerinizin i\u015flenip i\u015flenmedi\u011fini \u00f6\u011frenme,<br \/>\n\u2022\u00a0Ki\u015fisel verilerinizi i\u015flenmi\u015fse buna ili\u015fkin bilgi talep etme,<br \/>\n\u2022\u00a0Ki\u015fisel sa\u011fl\u0131k verilerinize eri\u015fim ve bu verileri isteme,<br \/>\n\u2022\u00a0Ki\u015fisel verilerinizin i\u015flenme amac\u0131n\u0131 ve bunlar\u0131n amac\u0131na uygun kullan\u0131l\u0131p kullan\u0131lmad\u0131\u011f\u0131n\u0131 \u00f6\u011frenme,<br \/>\n\u2022\u00a0Yurt i\u00e7inde veya yurt d\u0131\u015f\u0131nda ki\u015fisel verilerinizin aktar\u0131ld\u0131\u011f\u0131 \u00fc\u00e7\u00fcnc\u00fc ki\u015fileri bilme,\u00a0\u2022\u00a0Ki\u015fisel verilerinizin eksik veya yanl\u0131\u015f i\u015flenmi\u015f olmas\u0131 h\u00e2linde bunlar\u0131n d\u00fczeltilmesini isteme,<br \/>\n\u2022\u00a0Ki\u015fisel verilerinizin silinmesini veya yok edilmesini isteme,<br \/>\n\u2022\u00a0Ki\u015fisel verilerinizin eksik veya yanl\u0131\u015f i\u015flenmi\u015f olmas\u0131 h\u00e2linde bunlar\u0131n d\u00fczeltilmesini ve\/veya ki\u015fisel verilerinizin silinmesini veya yok edilmesine ili\u015fkin i\u015flemlerin ki\u015fisel verilerinizin aktar\u0131ld\u0131\u011f\u0131 \u00fc\u00e7\u00fcnc\u00fc ki\u015filere bildirilmesini isteme,<br \/>\n\u2022\u00a0\u0130\u015flenen verilerinizin m\u00fcnhas\u0131ran otomatik sistemler vas\u0131tas\u0131yla analiz edilmesi suretiyle aleyhinize bir sonucun ortaya \u00e7\u0131kmas\u0131na itiraz etme,<br \/>\n\u2022\u00a0Ki\u015fisel verilerinizin kanuna ayk\u0131r\u0131 olarak i\u015flenmesi sebebiyle zarara u\u011framan\u0131z h\u00e2linde zarar\u0131n giderilmesini talep etme haklar\u0131na sahipsiniz.<\/p>\n<p><strong>5. Veri G\u00fcvenli\u011fi<\/strong><\/p>\n<p>Ki\u015fisel verilerin, saklanmas\u0131, silinmesi ve imhas\u0131 hakk\u0131nda BAR\u00c7A\u011e Veri Saklama ve \u0130mha Politikas\u0131\u00a0h\u00fck\u00fcmleri uygulanacakt\u0131r.<\/p>\n<p><strong>BAR\u00c7A\u011e<\/strong>, ki\u015fisel verilerinizi teknik ve idari imk\u00e2nlar\u0131 d\u00e2hilinde titizlikle korumaktad\u0131r. \u015eirketimiz taraf\u0131ndan, teknolojik imk\u00e2nlar da g\u00f6z \u00f6n\u00fcnde bulundurularak, muhtemel risklere uygun d\u00fczeyde g\u00fcvenlik \u00f6nlemleri al\u0131nmaktad\u0131r.<\/p>\n<p><strong>6. Veri Sorumlusunun Kimli\u011fi<\/strong><\/p>\n<p>BAR\u00c7A\u011e, i\u015flemi\u015f oldu\u011fu ki\u015fisel veriler bak\u0131m\u0131ndan 6698 say\u0131l\u0131 Ki\u015fisel Verilerin Korunmas\u0131 Kanunu ve ilgili d\u00fczenlemeler uyar\u0131nca \u201cVeri Sorumlusu\u201d s\u0131fat\u0131n\u0131 haiz olup taraf\u0131m\u0131za a\u015fa\u011f\u0131da yer verilen ileti\u015fim bilgileri arac\u0131l\u0131\u011f\u0131yla ula\u015f\u0131lmas\u0131 m\u00fcmk\u00fcnd\u00fcr.<\/p>\n<p><strong>Adres:<\/strong><br \/>\n<strong>E-posta:<\/strong><\/p>\n<p><strong>7. Ba\u015fvuru Hakk\u0131<\/strong><\/p>\n<p>Ki\u015fisel Verilere dair t\u00fcm talepler <strong>BAR\u00c7A\u011e\u00a0<\/strong>KVKK Komitesi taraf\u0131ndan sonu\u00e7land\u0131r\u0131lacakt\u0131r.<\/p>\n<p>Kanun kapsam\u0131ndaki talepler i\u00e7in internet sitemizde yer alan Ki\u015fisel Verilerin Korunmas\u0131 Kanunu Uyar\u0131nca Ba\u015fvuru Formu doldurularak imzal\u0131 bir \u00f6rne\u011finin\u00a0<strong>BAR\u00c7A\u011e<\/strong>\u2019\u0131n yukar\u0131daki adresine bizzat teslim edilmesi, noter kanal\u0131 ile g\u00f6nderilmesi veya kay\u0131tl\u0131 elektronik posta adresi, g\u00fcvenli elektronik imza, mobil imza ya da ilgili ki\u015fi taraf\u0131ndan daha \u00f6nce bildirilen ve sisteminde kay\u0131tl\u0131 bulunan elektronik posta adresini kullanmak suretiyle kimli\u011fi teyit edilebilir bir bi\u00e7imde e-posta adresimize iletilmesi durumunda\u00a0<strong>BAR\u00c7A\u011e<\/strong>, niteli\u011fine g\u00f6re talebi en k\u0131sa s\u00fcrede ve en ge\u00e7 otuz g\u00fcn i\u00e7inde \u00fccretsiz olarak sonu\u00e7land\u0131racakt\u0131r. Ancak, i\u015flemin ayr\u0131ca bir maliyeti gerektirmesi h\u00e2linde, Ki\u015fisel Verileri Koruma Kurulu\u2019nca belirlenen tarifedeki \u00fccret al\u0131nacakt\u0131r.<\/p>\n","protected":false},"excerpt":{"rendered":"<p>BAR\u00c7A\u011e YAZILIM KVKK \u0130NTERNET S\u0130TES\u0130 KULLANICILARI AYDINLATMA METN\u0130 BAR\u00c7A\u011e (\u201cBAR\u00c7A\u011e\u201d) olarak, ki\u015fisel verilerinizin g\u00fcvenli\u011fi konusuna \u00f6nem vermekteyiz. Taraf\u0131n\u0131zdan payla\u015f\u0131lan her t\u00fcrl\u00fc ki\u015fisel veriyi, mahremiyetine \u00f6zen g\u00f6sterecek ve ki\u015fisel verilerinize ili\u015fkin uygun g\u00fcvenlik d\u00fczeyini temin etmeye y\u00f6nelik gerekli her t\u00fcrl\u00fc teknik ve idari tedbiri alacak \u015fekilde muhafaza etmekteyiz. Bu sorumlulu\u011fumuzun bilinciyle 6698 say\u0131l\u0131 Ki\u015fisel Verilerin Korunmas\u0131 [&#8230;]\n","protected":false},"author":1,"featured_media":0,"parent":0,"menu_order":0,"comment_status":"closed","ping_status":"closed","template":"","meta":{"inline_featured_image":false,"_joinchat":[],"footnotes":""},"class_list":["post-89","page","type-page","status-publish","hentry"],"yoast_head":"<!-- This site is optimized with the Yoast SEO plugin v26.7 - https:\/\/yoast.com\/wordpress\/plugins\/seo\/ -->\n<title>KVKK - Bar\u00e7a\u011f Yaz\u0131l\u0131m<\/title>\n<meta name=\"description\" content=\"BAR\u00c7A\u011e YAZILIM KVKK \u0130NTERNET S\u0130TES\u0130 KULLANICILARI AYDINLATMA METN\u0130 BAR\u00c7A\u011e (\u201cBAR\u00c7A\u011e\u201d) olarak, ki\u015fisel verilerinizin g\u00fcvenli\u011fi konusuna \u00f6nem vermekteyiz.\" \/>\n<meta name=\"robots\" content=\"noindex, nofollow\" \/>\n<meta property=\"og:locale\" content=\"tr_TR\" \/>\n<meta property=\"og:type\" content=\"article\" \/>\n<meta property=\"og:title\" content=\"KVKK - Bar\u00e7a\u011f Yaz\u0131l\u0131m\" \/>\n<meta property=\"og:description\" content=\"BAR\u00c7A\u011e YAZILIM KVKK \u0130NTERNET S\u0130TES\u0130 KULLANICILARI AYDINLATMA METN\u0130 BAR\u00c7A\u011e (\u201cBAR\u00c7A\u011e\u201d) olarak, ki\u015fisel verilerinizin g\u00fcvenli\u011fi konusuna \u00f6nem vermekteyiz.\" \/>\n<meta property=\"og:url\" content=\"https:\/\/barcag.com\/online\/kvkk\/\" \/>\n<meta property=\"og:site_name\" content=\"Bar\u00e7a\u011f Yaz\u0131l\u0131m\" \/>\n<meta property=\"article:modified_time\" content=\"2025-11-13T12:38:19+00:00\" \/>\n<meta name=\"twitter:card\" content=\"summary_large_image\" \/>\n<meta name=\"twitter:label1\" content=\"Tahmini okuma s\u00fcresi\" \/>\n\t<meta name=\"twitter:data1\" content=\"4 dakika\" \/>\n<script type=\"application\/ld+json\" class=\"yoast-schema-graph\">{\"@context\":\"https:\/\/schema.org\",\"@graph\":[{\"@type\":\"WebPage\",\"@id\":\"https:\/\/barcag.com\/online\/kvkk\/\",\"url\":\"https:\/\/barcag.com\/online\/kvkk\/\",\"name\":\"KVKK - Bar\u00e7a\u011f Yaz\u0131l\u0131m\",\"isPartOf\":{\"@id\":\"https:\/\/barcag.com\/online\/#website\"},\"datePublished\":\"2021-06-08T12:47:06+00:00\",\"dateModified\":\"2025-11-13T12:38:19+00:00\",\"description\":\"BAR\u00c7A\u011e YAZILIM KVKK \u0130NTERNET S\u0130TES\u0130 KULLANICILARI AYDINLATMA METN\u0130 BAR\u00c7A\u011e (\u201cBAR\u00c7A\u011e\u201d) olarak, ki\u015fisel verilerinizin g\u00fcvenli\u011fi konusuna \u00f6nem vermekteyiz.\",\"breadcrumb\":{\"@id\":\"https:\/\/barcag.com\/online\/kvkk\/#breadcrumb\"},\"inLanguage\":\"tr\",\"potentialAction\":[{\"@type\":\"ReadAction\",\"target\":[\"https:\/\/barcag.com\/online\/kvkk\/\"]}]},{\"@type\":\"BreadcrumbList\",\"@id\":\"https:\/\/barcag.com\/online\/kvkk\/#breadcrumb\",\"itemListElement\":[{\"@type\":\"ListItem\",\"position\":1,\"name\":\"Anasayfa\",\"item\":\"https:\/\/barcag.com\/online\/\"},{\"@type\":\"ListItem\",\"position\":2,\"name\":\"KVKK\"}]},{\"@type\":\"WebSite\",\"@id\":\"https:\/\/barcag.com\/online\/#website\",\"url\":\"https:\/\/barcag.com\/online\/\",\"name\":\"Bar\u00e7a\u011f Yaz\u0131l\u0131m\",\"description\":\"Online\",\"publisher\":{\"@id\":\"https:\/\/barcag.com\/online\/#organization\"},\"potentialAction\":[{\"@type\":\"SearchAction\",\"target\":{\"@type\":\"EntryPoint\",\"urlTemplate\":\"https:\/\/barcag.com\/online\/?s={search_term_string}\"},\"query-input\":{\"@type\":\"PropertyValueSpecification\",\"valueRequired\":true,\"valueName\":\"search_term_string\"}}],\"inLanguage\":\"tr\"},{\"@type\":\"Organization\",\"@id\":\"https:\/\/barcag.com\/online\/#organization\",\"name\":\"Bar\u00e7a\u011f Yaz\u0131l\u0131m\",\"url\":\"https:\/\/barcag.com\/online\/\",\"logo\":{\"@type\":\"ImageObject\",\"inLanguage\":\"tr\",\"@id\":\"https:\/\/barcag.com\/online\/#\/schema\/logo\/image\/\",\"url\":\"https:\/\/barcag.com\/online\/wp-content\/uploads\/2022\/03\/yenilogorenkli.svg\",\"contentUrl\":\"https:\/\/barcag.com\/online\/wp-content\/uploads\/2022\/03\/yenilogorenkli.svg\",\"width\":1,\"height\":1,\"caption\":\"Bar\u00e7a\u011f Yaz\u0131l\u0131m\"},\"image\":{\"@id\":\"https:\/\/barcag.com\/online\/#\/schema\/logo\/image\/\"}}]}<\/script>\n<!-- \/ Yoast SEO plugin. -->","yoast_head_json":{"title":"KVKK - Bar\u00e7a\u011f Yaz\u0131l\u0131m","description":"BAR\u00c7A\u011e YAZILIM KVKK \u0130NTERNET S\u0130TES\u0130 KULLANICILARI AYDINLATMA METN\u0130 BAR\u00c7A\u011e (\u201cBAR\u00c7A\u011e\u201d) olarak, ki\u015fisel verilerinizin g\u00fcvenli\u011fi konusuna \u00f6nem vermekteyiz.","robots":{"index":"noindex","follow":"nofollow"},"og_locale":"tr_TR","og_type":"article","og_title":"KVKK - Bar\u00e7a\u011f Yaz\u0131l\u0131m","og_description":"BAR\u00c7A\u011e YAZILIM KVKK \u0130NTERNET S\u0130TES\u0130 KULLANICILARI AYDINLATMA METN\u0130 BAR\u00c7A\u011e (\u201cBAR\u00c7A\u011e\u201d) olarak, ki\u015fisel verilerinizin g\u00fcvenli\u011fi konusuna \u00f6nem vermekteyiz.","og_url":"https:\/\/barcag.com\/online\/kvkk\/","og_site_name":"Bar\u00e7a\u011f Yaz\u0131l\u0131m","article_modified_time":"2025-11-13T12:38:19+00:00","twitter_card":"summary_large_image","twitter_misc":{"Tahmini okuma s\u00fcresi":"4 dakika"},"schema":{"@context":"https:\/\/schema.org","@graph":[{"@type":"WebPage","@id":"https:\/\/barcag.com\/online\/kvkk\/","url":"https:\/\/barcag.com\/online\/kvkk\/","name":"KVKK - Bar\u00e7a\u011f Yaz\u0131l\u0131m","isPartOf":{"@id":"https:\/\/barcag.com\/online\/#website"},"datePublished":"2021-06-08T12:47:06+00:00","dateModified":"2025-11-13T12:38:19+00:00","description":"BAR\u00c7A\u011e YAZILIM KVKK \u0130NTERNET S\u0130TES\u0130 KULLANICILARI AYDINLATMA METN\u0130 BAR\u00c7A\u011e (\u201cBAR\u00c7A\u011e\u201d) olarak, ki\u015fisel verilerinizin g\u00fcvenli\u011fi konusuna \u00f6nem vermekteyiz.","breadcrumb":{"@id":"https:\/\/barcag.com\/online\/kvkk\/#breadcrumb"},"inLanguage":"tr","potentialAction":[{"@type":"ReadAction","target":["https:\/\/barcag.com\/online\/kvkk\/"]}]},{"@type":"BreadcrumbList","@id":"https:\/\/barcag.com\/online\/kvkk\/#breadcrumb","itemListElement":[{"@type":"ListItem","position":1,"name":"Anasayfa","item":"https:\/\/barcag.com\/online\/"},{"@type":"ListItem","position":2,"name":"KVKK"}]},{"@type":"WebSite","@id":"https:\/\/barcag.com\/online\/#website","url":"https:\/\/barcag.com\/online\/","name":"Bar\u00e7a\u011f Yaz\u0131l\u0131m","description":"Online","publisher":{"@id":"https:\/\/barcag.com\/online\/#organization"},"potentialAction":[{"@type":"SearchAction","target":{"@type":"EntryPoint","urlTemplate":"https:\/\/barcag.com\/online\/?s={search_term_string}"},"query-input":{"@type":"PropertyValueSpecification","valueRequired":true,"valueName":"search_term_string"}}],"inLanguage":"tr"},{"@type":"Organization","@id":"https:\/\/barcag.com\/online\/#organization","name":"Bar\u00e7a\u011f Yaz\u0131l\u0131m","url":"https:\/\/barcag.com\/online\/","logo":{"@type":"ImageObject","inLanguage":"tr","@id":"https:\/\/barcag.com\/online\/#\/schema\/logo\/image\/","url":"https:\/\/barcag.com\/online\/wp-content\/uploads\/2022\/03\/yenilogorenkli.svg","contentUrl":"https:\/\/barcag.com\/online\/wp-content\/uploads\/2022\/03\/yenilogorenkli.svg","width":1,"height":1,"caption":"Bar\u00e7a\u011f Yaz\u0131l\u0131m"},"image":{"@id":"https:\/\/barcag.com\/online\/#\/schema\/logo\/image\/"}}]}},"_links":{"self":[{"href":"https:\/\/barcag.com\/online\/wp-json\/wp\/v2\/pages\/89","targetHints":{"allow":["GET"]}}],"collection":[{"href":"https:\/\/barcag.com\/online\/wp-json\/wp\/v2\/pages"}],"about":[{"href":"https:\/\/barcag.com\/online\/wp-json\/wp\/v2\/types\/page"}],"author":[{"embeddable":true,"href":"https:\/\/barcag.com\/online\/wp-json\/wp\/v2\/users\/1"}],"replies":[{"embeddable":true,"href":"https:\/\/barcag.com\/online\/wp-json\/wp\/v2\/comments?post=89"}],"version-history":[{"count":0,"href":"https:\/\/barcag.com\/online\/wp-json\/wp\/v2\/pages\/89\/revisions"}],"wp:attachment":[{"href":"https:\/\/barcag.com\/online\/wp-json\/wp\/v2\/media?parent=89"}],"curies":[{"name":"wp","href":"https:\/\/api.w.org\/{rel}","templated":true}]}}