{"id":222,"date":"2021-06-08T18:17:55","date_gmt":"2021-06-08T15:17:55","guid":{"rendered":"https:\/\/barcag.com\/online\/?post_type=product&#038;p=222"},"modified":"2025-12-06T15:40:43","modified_gmt":"2025-12-06T12:40:43","slug":"yillik-e-ticaret-web-sunucu-bedeli","status":"publish","type":"product","link":"https:\/\/barcag.com\/online\/urun\/yillik-e-ticaret-web-sunucu-bedeli\/","title":{"rendered":"Y\u0131ll\u0131k E-Ticaret Web Sunucu Bedeli"},"content":{"rendered":"<p>1 Y\u0131ll\u0131k E-Ticaret Site Sunucu Yenileme Paketi<\/p>\n<p>Bu hizmetimiz <strong><a href=\"https:\/\/barcag.com\/online\/urun-kategori\/yazilim\/e-ticaret\/\">E-ticaret Sitesi<\/a><\/strong> paketlerimizin sunucu yenileme hizmetidir.<\/p>\n<p><strong>\u0130lginizi \u00c7ekebilir<\/strong><\/p>\n<ul>\n<li><a href=\"https:\/\/barcag.com\/woocommerce-nedir-ne-ise-yarar\/\">WooCommerce Nedir? Ne \u0130\u015fe Yarar?<\/a><\/li>\n<li><a href=\"https:\/\/barcag.com\/e-ticaret-nedir-nasil-yapilir\/\">E-Ticaret Nedir? Nas\u0131l Yap\u0131l\u0131r?<\/a><\/li>\n<li><a href=\"https:\/\/barcag.com\/e-ticaret-sitesi-kurmak\/\">E-Ticaret Sitesi Kurmak \u0130\u00e7in Gerekenler<\/a><\/li>\n<li><a href=\"https:\/\/barcag.com\/woocommerce-havale-eft-indirim-otomatik-uygulama\/\">WooCommerce Havale \/ EFT \u0130ndirim Otomatik Uygulama<\/a><\/li>\n<li><a href=\"https:\/\/barcag.com\/woocommerce-fiyat-gizleme\/\">WooCommerce Fiyat Gizleme<\/a><\/li>\n<li><a href=\"https:\/\/barcag.com\/woocommerce-sepete-ekle-kaldir-degistir\/\">WooCommerce Sepete Ekle Kald\u0131rma \/ De\u011fi\u015ftirme<\/a><\/li>\n<li><a href=\"https:\/\/barcag.com\/flatsome-tema-nedir-en-iyi-e-ticaret-deneyimi\/\">En \u0130yi E-Ticaret Temas\u0131 Hangisi?<\/a><\/li>\n<li><a href=\"https:\/\/barcag.com\/wordpress-icerik-koruma-kopyalama-ve-sag-tik-engelleme\/\">WordPress \u0130\u00e7erik Koruma, Kopyalama ve Sa\u011f T\u0131k Engelleme<\/a><\/li>\n<\/ul>\n","protected":false},"excerpt":{"rendered":"<p>1 Y\u0131ll\u0131k E-Ticaret Site Sunucu Yenileme Paketi<\/p>\n<ul>\n<li>2 CPU (+%200 Opsiyon)<\/li>\n<li>2 GB Ram ( + %200 Opsiyon)<\/li>\n<li>Haftal\u0131k Full Yedekleme<\/li>\n<li>G\u00fcnl\u00fck Veritaban\u0131 Bulut Yedekleme ( G Drive)<\/li>\n<li>G\u00fcvenlik Duvar\u0131<\/li>\n<li>DDos Korumas\u0131<\/li>\n<li>Bot Sald\u0131r\u0131 Korumas\u0131<\/li>\n<li>%100 E-Ticaret Uyumluluk<\/li>\n<li>CPnael Lisans\u0131<\/li>\n<li>SSL Korumas\u0131<\/li>\n<li>CloudFlare CDN Kurulumu<\/li>\n<li>Limitsiz Trafik<\/li>\n<li>Limitsiz Disk Alan\u0131<\/li>\n<li>Limitsiz Mail Hesab\u0131<\/li>\n<\/ul>\n<p>Bu hizmetimiz <strong><a href=\"https:\/\/barcag.com\/online\/urun-kategori\/yazilim\/e-ticaret\/\">E-ticaret Sitesi<\/a><\/strong> paketlerimizin sunucu yenileme hizmetidir.<\/p>\n","protected":false},"featured_media":215,"template":"","meta":{"inline_featured_image":false,"_joinchat":[]},"product_brand":[],"product_cat":[21,17],"product_tag":[],"class_list":{"0":"post-222","1":"product","2":"type-product","3":"status-publish","4":"has-post-thumbnail","6":"product_cat-e-ticaret","7":"product_cat-hosting","9":"first","10":"instock","11":"taxable","12":"shipping-taxable","13":"product-type-external"},"yoast_head":"<!-- This site is optimized with the Yoast SEO plugin v26.7 - https:\/\/yoast.com\/wordpress\/plugins\/seo\/ -->\n<title>Y\u0131ll\u0131k E-Ticaret Web Sunucu Bedeli - Bar\u00e7a\u011f Yaz\u0131l\u0131m<\/title>\n<meta name=\"description\" content=\"1 Y\u0131ll\u0131k E-Ticaret Site Sunucu Yenileme Paketi   2 CPU (+%200 Opsiyon)  2 GB Ram ( + %200 Opsiyon)  Haftal\u0131k Full Yedekleme  G\u00fcnl\u00fck Veritaban\u0131 Bulut Yedekleme ( G Drive)  G\u00fcvenlik Duvar\u0131  DDos Korumas\u0131  Bot Sald\u0131r\u0131 Korumas\u0131  %100 E-Ticaret Uyumluluk  CPnael Lisans\u0131  SSL Korumas\u0131  CloudFlare CDN Kurulumu  Limitsiz Trafik  Limitsiz Disk Alan\u0131  Limitsiz Mail Hesab\u0131  Bu hizmetimiz E-ticaret Sitesi paketlerimizin sunucu yenileme hizmetidir.\" \/>\n<meta name=\"robots\" content=\"index, follow, max-snippet:-1, max-image-preview:large, max-video-preview:-1\" \/>\n<link rel=\"canonical\" href=\"https:\/\/barcag.com\/online\/urun\/yillik-e-ticaret-web-sunucu-bedeli\/\" \/>\n<meta property=\"og:locale\" content=\"tr_TR\" \/>\n<meta property=\"og:type\" content=\"article\" \/>\n<meta property=\"og:title\" content=\"Y\u0131ll\u0131k E-Ticaret Web Sunucu Bedeli - Bar\u00e7a\u011f Yaz\u0131l\u0131m\" \/>\n<meta property=\"og:description\" content=\"1 Y\u0131ll\u0131k E-Ticaret Site Sunucu Yenileme Paketi   2 CPU (+%200 Opsiyon)  2 GB Ram ( + %200 Opsiyon)  Haftal\u0131k Full Yedekleme  G\u00fcnl\u00fck Veritaban\u0131 Bulut Yedekleme ( G Drive)  G\u00fcvenlik Duvar\u0131  DDos Korumas\u0131  Bot Sald\u0131r\u0131 Korumas\u0131  %100 E-Ticaret Uyumluluk  CPnael Lisans\u0131  SSL Korumas\u0131  CloudFlare CDN Kurulumu  Limitsiz Trafik  Limitsiz Disk Alan\u0131  Limitsiz Mail Hesab\u0131  Bu hizmetimiz E-ticaret Sitesi paketlerimizin sunucu yenileme hizmetidir.\" \/>\n<meta property=\"og:url\" content=\"https:\/\/barcag.com\/online\/urun\/yillik-e-ticaret-web-sunucu-bedeli\/\" \/>\n<meta property=\"og:site_name\" content=\"Bar\u00e7a\u011f Yaz\u0131l\u0131m\" \/>\n<meta property=\"article:modified_time\" content=\"2025-12-06T12:40:43+00:00\" \/>\n<meta property=\"og:image\" content=\"http:\/\/barcag.com\/online\/wp-content\/uploads\/2021\/06\/hosting.jpg\" \/>\n\t<meta property=\"og:image:width\" content=\"1366\" \/>\n\t<meta property=\"og:image:height\" content=\"768\" \/>\n\t<meta property=\"og:image:type\" content=\"image\/jpeg\" \/>\n<meta name=\"twitter:card\" content=\"summary_large_image\" \/>\n<meta name=\"twitter:label1\" content=\"Tahmini okuma s\u00fcresi\" \/>\n\t<meta name=\"twitter:data1\" content=\"1 dakika\" \/>\n<script type=\"application\/ld+json\" class=\"yoast-schema-graph\">{\"@context\":\"https:\/\/schema.org\",\"@graph\":[{\"@type\":\"WebPage\",\"@id\":\"https:\/\/barcag.com\/online\/urun\/yillik-e-ticaret-web-sunucu-bedeli\/\",\"url\":\"https:\/\/barcag.com\/online\/urun\/yillik-e-ticaret-web-sunucu-bedeli\/\",\"name\":\"Y\u0131ll\u0131k E-Ticaret Web Sunucu Bedeli - Bar\u00e7a\u011f Yaz\u0131l\u0131m\",\"isPartOf\":{\"@id\":\"https:\/\/barcag.com\/online\/#website\"},\"primaryImageOfPage\":{\"@id\":\"https:\/\/barcag.com\/online\/urun\/yillik-e-ticaret-web-sunucu-bedeli\/#primaryimage\"},\"image\":{\"@id\":\"https:\/\/barcag.com\/online\/urun\/yillik-e-ticaret-web-sunucu-bedeli\/#primaryimage\"},\"thumbnailUrl\":\"https:\/\/barcag.com\/online\/wp-content\/uploads\/2021\/06\/hosting.jpg\",\"datePublished\":\"2021-06-08T15:17:55+00:00\",\"dateModified\":\"2025-12-06T12:40:43+00:00\",\"description\":\"1 Y\u0131ll\u0131k E-Ticaret Site Sunucu Yenileme Paketi 2 CPU (+%200 Opsiyon) 2 GB Ram ( + %200 Opsiyon) Haftal\u0131k Full Yedekleme G\u00fcnl\u00fck Veritaban\u0131 Bulut Yedekleme ( G Drive) G\u00fcvenlik Duvar\u0131 DDos Korumas\u0131 Bot Sald\u0131r\u0131 Korumas\u0131 %100 E-Ticaret Uyumluluk CPnael Lisans\u0131 SSL Korumas\u0131 CloudFlare CDN Kurulumu Limitsiz Trafik Limitsiz Disk Alan\u0131 Limitsiz Mail Hesab\u0131 Bu hizmetimiz E-ticaret Sitesi paketlerimizin sunucu yenileme hizmetidir.\",\"breadcrumb\":{\"@id\":\"https:\/\/barcag.com\/online\/urun\/yillik-e-ticaret-web-sunucu-bedeli\/#breadcrumb\"},\"inLanguage\":\"tr\",\"potentialAction\":[{\"@type\":\"ReadAction\",\"target\":[\"https:\/\/barcag.com\/online\/urun\/yillik-e-ticaret-web-sunucu-bedeli\/\"]}]},{\"@type\":\"ImageObject\",\"inLanguage\":\"tr\",\"@id\":\"https:\/\/barcag.com\/online\/urun\/yillik-e-ticaret-web-sunucu-bedeli\/#primaryimage\",\"url\":\"https:\/\/barcag.com\/online\/wp-content\/uploads\/2021\/06\/hosting.jpg\",\"contentUrl\":\"https:\/\/barcag.com\/online\/wp-content\/uploads\/2021\/06\/hosting.jpg\",\"width\":1366,\"height\":768,\"caption\":\"BAR\u00c7A\u011e YAZILIM HOST\u0130NG\"},{\"@type\":\"BreadcrumbList\",\"@id\":\"https:\/\/barcag.com\/online\/urun\/yillik-e-ticaret-web-sunucu-bedeli\/#breadcrumb\",\"itemListElement\":[{\"@type\":\"ListItem\",\"position\":1,\"name\":\"Anasayfa\",\"item\":\"https:\/\/barcag.com\/online\/\"},{\"@type\":\"ListItem\",\"position\":2,\"name\":\"Hizmetler\",\"item\":\"https:\/\/barcag.com\/online\/magaza\/\"},{\"@type\":\"ListItem\",\"position\":3,\"name\":\"Yaz\u0131l\u0131m\",\"item\":\"https:\/\/barcag.com\/online\/yazilim\/\"},{\"@type\":\"ListItem\",\"position\":4,\"name\":\"E-Ticaret\",\"item\":\"https:\/\/barcag.com\/online\/urun-kategori\/yazilim\/e-ticaret\/\"},{\"@type\":\"ListItem\",\"position\":5,\"name\":\"Y\u0131ll\u0131k E-Ticaret Web Sunucu Bedeli\"}]},{\"@type\":\"WebSite\",\"@id\":\"https:\/\/barcag.com\/online\/#website\",\"url\":\"https:\/\/barcag.com\/online\/\",\"name\":\"Bar\u00e7a\u011f Yaz\u0131l\u0131m\",\"description\":\"Online\",\"publisher\":{\"@id\":\"https:\/\/barcag.com\/online\/#organization\"},\"potentialAction\":[{\"@type\":\"SearchAction\",\"target\":{\"@type\":\"EntryPoint\",\"urlTemplate\":\"https:\/\/barcag.com\/online\/?s={search_term_string}\"},\"query-input\":{\"@type\":\"PropertyValueSpecification\",\"valueRequired\":true,\"valueName\":\"search_term_string\"}}],\"inLanguage\":\"tr\"},{\"@type\":\"Organization\",\"@id\":\"https:\/\/barcag.com\/online\/#organization\",\"name\":\"Bar\u00e7a\u011f Yaz\u0131l\u0131m\",\"url\":\"https:\/\/barcag.com\/online\/\",\"logo\":{\"@type\":\"ImageObject\",\"inLanguage\":\"tr\",\"@id\":\"https:\/\/barcag.com\/online\/#\/schema\/logo\/image\/\",\"url\":\"https:\/\/barcag.com\/online\/wp-content\/uploads\/2022\/03\/yenilogorenkli.svg\",\"contentUrl\":\"https:\/\/barcag.com\/online\/wp-content\/uploads\/2022\/03\/yenilogorenkli.svg\",\"width\":1,\"height\":1,\"caption\":\"Bar\u00e7a\u011f Yaz\u0131l\u0131m\"},\"image\":{\"@id\":\"https:\/\/barcag.com\/online\/#\/schema\/logo\/image\/\"}}]}<\/script>\n<!-- \/ Yoast SEO plugin. -->","yoast_head_json":{"title":"Y\u0131ll\u0131k E-Ticaret Web Sunucu Bedeli - Bar\u00e7a\u011f Yaz\u0131l\u0131m","description":"1 Y\u0131ll\u0131k E-Ticaret Site Sunucu Yenileme Paketi   2 CPU (+%200 Opsiyon)  2 GB Ram ( + %200 Opsiyon)  Haftal\u0131k Full Yedekleme  G\u00fcnl\u00fck Veritaban\u0131 Bulut Yedekleme ( G Drive)  G\u00fcvenlik Duvar\u0131  DDos Korumas\u0131  Bot Sald\u0131r\u0131 Korumas\u0131  %100 E-Ticaret Uyumluluk  CPnael Lisans\u0131  SSL Korumas\u0131  CloudFlare CDN Kurulumu  Limitsiz Trafik  Limitsiz Disk Alan\u0131  Limitsiz Mail Hesab\u0131  Bu hizmetimiz E-ticaret Sitesi paketlerimizin sunucu yenileme hizmetidir.","robots":{"index":"index","follow":"follow","max-snippet":"max-snippet:-1","max-image-preview":"max-image-preview:large","max-video-preview":"max-video-preview:-1"},"canonical":"https:\/\/barcag.com\/online\/urun\/yillik-e-ticaret-web-sunucu-bedeli\/","og_locale":"tr_TR","og_type":"article","og_title":"Y\u0131ll\u0131k E-Ticaret Web Sunucu Bedeli - Bar\u00e7a\u011f Yaz\u0131l\u0131m","og_description":"1 Y\u0131ll\u0131k E-Ticaret Site Sunucu Yenileme Paketi   2 CPU (+%200 Opsiyon)  2 GB Ram ( + %200 Opsiyon)  Haftal\u0131k Full Yedekleme  G\u00fcnl\u00fck Veritaban\u0131 Bulut Yedekleme ( G Drive)  G\u00fcvenlik Duvar\u0131  DDos Korumas\u0131  Bot Sald\u0131r\u0131 Korumas\u0131  %100 E-Ticaret Uyumluluk  CPnael Lisans\u0131  SSL Korumas\u0131  CloudFlare CDN Kurulumu  Limitsiz Trafik  Limitsiz Disk Alan\u0131  Limitsiz Mail Hesab\u0131  Bu hizmetimiz E-ticaret Sitesi paketlerimizin sunucu yenileme hizmetidir.","og_url":"https:\/\/barcag.com\/online\/urun\/yillik-e-ticaret-web-sunucu-bedeli\/","og_site_name":"Bar\u00e7a\u011f Yaz\u0131l\u0131m","article_modified_time":"2025-12-06T12:40:43+00:00","og_image":[{"width":1366,"height":768,"url":"http:\/\/barcag.com\/online\/wp-content\/uploads\/2021\/06\/hosting.jpg","type":"image\/jpeg"}],"twitter_card":"summary_large_image","twitter_misc":{"Tahmini okuma s\u00fcresi":"1 dakika"},"schema":{"@context":"https:\/\/schema.org","@graph":[{"@type":"WebPage","@id":"https:\/\/barcag.com\/online\/urun\/yillik-e-ticaret-web-sunucu-bedeli\/","url":"https:\/\/barcag.com\/online\/urun\/yillik-e-ticaret-web-sunucu-bedeli\/","name":"Y\u0131ll\u0131k E-Ticaret Web Sunucu Bedeli - Bar\u00e7a\u011f Yaz\u0131l\u0131m","isPartOf":{"@id":"https:\/\/barcag.com\/online\/#website"},"primaryImageOfPage":{"@id":"https:\/\/barcag.com\/online\/urun\/yillik-e-ticaret-web-sunucu-bedeli\/#primaryimage"},"image":{"@id":"https:\/\/barcag.com\/online\/urun\/yillik-e-ticaret-web-sunucu-bedeli\/#primaryimage"},"thumbnailUrl":"https:\/\/barcag.com\/online\/wp-content\/uploads\/2021\/06\/hosting.jpg","datePublished":"2021-06-08T15:17:55+00:00","dateModified":"2025-12-06T12:40:43+00:00","description":"1 Y\u0131ll\u0131k E-Ticaret Site Sunucu Yenileme Paketi 2 CPU (+%200 Opsiyon) 2 GB Ram ( + %200 Opsiyon) Haftal\u0131k Full Yedekleme G\u00fcnl\u00fck Veritaban\u0131 Bulut Yedekleme ( G Drive) G\u00fcvenlik Duvar\u0131 DDos Korumas\u0131 Bot Sald\u0131r\u0131 Korumas\u0131 %100 E-Ticaret Uyumluluk CPnael Lisans\u0131 SSL Korumas\u0131 CloudFlare CDN Kurulumu Limitsiz Trafik Limitsiz Disk Alan\u0131 Limitsiz Mail Hesab\u0131 Bu hizmetimiz E-ticaret Sitesi paketlerimizin sunucu yenileme hizmetidir.","breadcrumb":{"@id":"https:\/\/barcag.com\/online\/urun\/yillik-e-ticaret-web-sunucu-bedeli\/#breadcrumb"},"inLanguage":"tr","potentialAction":[{"@type":"ReadAction","target":["https:\/\/barcag.com\/online\/urun\/yillik-e-ticaret-web-sunucu-bedeli\/"]}]},{"@type":"ImageObject","inLanguage":"tr","@id":"https:\/\/barcag.com\/online\/urun\/yillik-e-ticaret-web-sunucu-bedeli\/#primaryimage","url":"https:\/\/barcag.com\/online\/wp-content\/uploads\/2021\/06\/hosting.jpg","contentUrl":"https:\/\/barcag.com\/online\/wp-content\/uploads\/2021\/06\/hosting.jpg","width":1366,"height":768,"caption":"BAR\u00c7A\u011e YAZILIM HOST\u0130NG"},{"@type":"BreadcrumbList","@id":"https:\/\/barcag.com\/online\/urun\/yillik-e-ticaret-web-sunucu-bedeli\/#breadcrumb","itemListElement":[{"@type":"ListItem","position":1,"name":"Anasayfa","item":"https:\/\/barcag.com\/online\/"},{"@type":"ListItem","position":2,"name":"Hizmetler","item":"https:\/\/barcag.com\/online\/magaza\/"},{"@type":"ListItem","position":3,"name":"Yaz\u0131l\u0131m","item":"https:\/\/barcag.com\/online\/yazilim\/"},{"@type":"ListItem","position":4,"name":"E-Ticaret","item":"https:\/\/barcag.com\/online\/urun-kategori\/yazilim\/e-ticaret\/"},{"@type":"ListItem","position":5,"name":"Y\u0131ll\u0131k E-Ticaret Web Sunucu Bedeli"}]},{"@type":"WebSite","@id":"https:\/\/barcag.com\/online\/#website","url":"https:\/\/barcag.com\/online\/","name":"Bar\u00e7a\u011f Yaz\u0131l\u0131m","description":"Online","publisher":{"@id":"https:\/\/barcag.com\/online\/#organization"},"potentialAction":[{"@type":"SearchAction","target":{"@type":"EntryPoint","urlTemplate":"https:\/\/barcag.com\/online\/?s={search_term_string}"},"query-input":{"@type":"PropertyValueSpecification","valueRequired":true,"valueName":"search_term_string"}}],"inLanguage":"tr"},{"@type":"Organization","@id":"https:\/\/barcag.com\/online\/#organization","name":"Bar\u00e7a\u011f Yaz\u0131l\u0131m","url":"https:\/\/barcag.com\/online\/","logo":{"@type":"ImageObject","inLanguage":"tr","@id":"https:\/\/barcag.com\/online\/#\/schema\/logo\/image\/","url":"https:\/\/barcag.com\/online\/wp-content\/uploads\/2022\/03\/yenilogorenkli.svg","contentUrl":"https:\/\/barcag.com\/online\/wp-content\/uploads\/2022\/03\/yenilogorenkli.svg","width":1,"height":1,"caption":"Bar\u00e7a\u011f Yaz\u0131l\u0131m"},"image":{"@id":"https:\/\/barcag.com\/online\/#\/schema\/logo\/image\/"}}]}},"_links":{"self":[{"href":"https:\/\/barcag.com\/online\/wp-json\/wp\/v2\/product\/222","targetHints":{"allow":["GET"]}}],"collection":[{"href":"https:\/\/barcag.com\/online\/wp-json\/wp\/v2\/product"}],"about":[{"href":"https:\/\/barcag.com\/online\/wp-json\/wp\/v2\/types\/product"}],"wp:featuredmedia":[{"embeddable":true,"href":"https:\/\/barcag.com\/online\/wp-json\/wp\/v2\/media\/215"}],"wp:attachment":[{"href":"https:\/\/barcag.com\/online\/wp-json\/wp\/v2\/media?parent=222"}],"wp:term":[{"taxonomy":"product_brand","embeddable":true,"href":"https:\/\/barcag.com\/online\/wp-json\/wp\/v2\/product_brand?post=222"},{"taxonomy":"product_cat","embeddable":true,"href":"https:\/\/barcag.com\/online\/wp-json\/wp\/v2\/product_cat?post=222"},{"taxonomy":"product_tag","embeddable":true,"href":"https:\/\/barcag.com\/online\/wp-json\/wp\/v2\/product_tag?post=222"}],"curies":[{"name":"wp","href":"https:\/\/api.w.org\/{rel}","templated":true}]}}