{"id":2572,"date":"2023-11-22T13:18:22","date_gmt":"2023-11-22T10:18:22","guid":{"rendered":"https:\/\/barcag.com\/online\/?post_type=product&#038;p=2572"},"modified":"2025-12-06T15:40:43","modified_gmt":"2025-12-06T12:40:43","slug":"lastik-online-satis-e-ticaret-sitesi-yazilimi","status":"publish","type":"product","link":"https:\/\/barcag.com\/online\/urun\/lastik-online-satis-e-ticaret-sitesi-yazilimi\/","title":{"rendered":"Lastik Online Sat\u0131\u015f E-Ticaret Sitesi Yaz\u0131l\u0131m\u0131"},"content":{"rendered":"<h2>Lastik Online Sat\u0131\u015f E-Ticaret Sitesi Yaz\u0131l\u0131m\u0131<\/h2>\n<p>Bu \u00fcr\u00fcn\u00fcm\u00fcz tamamen Lastik sat\u0131\u015f \u00fczerine programlanm\u0131\u015f gerekli t\u00fcm ihtiya\u00e7lar\u0131 kar\u015f\u0131layacak \u015fekilde tasarlanm\u0131\u015ft\u0131r.<\/p>\n<p>Detayl\u0131 tamamen kendi geli\u015ftirdi\u011fimiz Lastik Arama ekran\u0131 mevcuttur.<\/p>\n<p><strong>Sistemlerimiz %100 SEO Uyumludur.<\/strong><\/p>\n<p>Sistem ihtiya\u00e7lara g\u00f6re ekleme \u00f6zel tasar\u0131m olarak anahtar teslim olarak yap\u0131lmaktad\u0131r.<\/p>\n<p>Detaylar i\u00e7in bizimle ileti\u015fime ge\u00e7iniz.<\/p>\n<p><strong>\u0130lginizi \u00c7ekebilir<\/strong><\/p>\n<ul>\n<li><a href=\"https:\/\/barcag.com\/woocommerce-nedir-ne-ise-yarar\/\">WooCommerce Nedir? Ne \u0130\u015fe Yarar?<\/a><\/li>\n<li><a href=\"https:\/\/barcag.com\/e-ticaret-nedir-nasil-yapilir\/\">E-Ticaret Nedir? Nas\u0131l Yap\u0131l\u0131r?<\/a><\/li>\n<li><a href=\"https:\/\/barcag.com\/e-ticaret-sitesi-kurmak\/\">E-Ticaret Sitesi Kurmak \u0130\u00e7in Gerekenler<\/a><\/li>\n<li><a href=\"https:\/\/barcag.com\/woocommerce-havale-eft-indirim-otomatik-uygulama\/\">WooCommerce Havale \/ EFT \u0130ndirim Otomatik Uygulama<\/a><\/li>\n<li><a href=\"https:\/\/barcag.com\/woocommerce-fiyat-gizleme\/\">WooCommerce Fiyat Gizleme<\/a><\/li>\n<li><a href=\"https:\/\/barcag.com\/woocommerce-sepete-ekle-kaldir-degistir\/\">WooCommerce Sepete Ekle Kald\u0131rma \/ De\u011fi\u015ftirme<\/a><\/li>\n<li><a href=\"https:\/\/barcag.com\/flatsome-tema-nedir-en-iyi-e-ticaret-deneyimi\/\">En \u0130yi E-Ticaret Temas\u0131 Hangisi?<\/a><\/li>\n<li><a href=\"https:\/\/barcag.com\/wordpress-icerik-koruma-kopyalama-ve-sag-tik-engelleme\/\">WordPress \u0130\u00e7erik Koruma, Kopyalama ve Sa\u011f T\u0131k Engelleme<\/a><\/li>\n<\/ul>\n<div class=\"container section-title-container\" ><h3 class=\"section-title section-title-normal\"><b aria-hidden=\"true\"><\/b><span class=\"section-title-main\" >Referans \u00c7al\u0131\u015fmalar\u0131m\u0131z<\/span><b aria-hidden=\"true\"><\/b><\/h3><\/div>\n<div id=\"portfolio-1611365798\" class=\"portfolio-element-wrapper has-filtering\">\n  \n    <div class=\"row large-columns-3 medium-columns- small-columns-2 row-small slider row-slider slider-nav-reveal slider-nav-push\"  data-flickity-options='{&quot;imagesLoaded&quot;: true, &quot;groupCells&quot;: &quot;100%&quot;, &quot;dragThreshold&quot; : 5, &quot;cellAlign&quot;: &quot;left&quot;,&quot;wrapAround&quot;: true,&quot;prevNextButtons&quot;: true,&quot;percentPosition&quot;: true,&quot;pageDots&quot;: false, &quot;rightToLeft&quot;: false, &quot;autoPlay&quot; : false}' >\n\n    <div class=\"col\" data-terms=\"[&quot;E-Ticaret&quot;]\" >\n          <div class=\"col-inner\" >\n          <a href=\"https:\/\/barcag.com\/online\/projeler\/e-ticaret\/aksulastik-com\/\" class=\"plain \">\n          <div class=\"portfolio-box box has-hover box-default\">\n            <div class=\"box-image\" >\n                <div class=\"image-cover\" style=\"padding-top:100%;\">\n                <img loading=\"lazy\" decoding=\"async\" width=\"300\" height=\"300\" src=\"https:\/\/barcag.com\/online\/wp-content\/uploads\/2024\/03\/aksulastik-1-300x300.webp\" class=\"attachment-medium size-medium\" alt=\"\" srcset=\"https:\/\/barcag.com\/online\/wp-content\/uploads\/2024\/03\/aksulastik-1-300x300.webp 300w, https:\/\/barcag.com\/online\/wp-content\/uploads\/2024\/03\/aksulastik-1-150x150.webp 150w, https:\/\/barcag.com\/online\/wp-content\/uploads\/2024\/03\/aksulastik-1-768x768.webp 768w, https:\/\/barcag.com\/online\/wp-content\/uploads\/2024\/03\/aksulastik-1-100x100.webp 100w, https:\/\/barcag.com\/online\/wp-content\/uploads\/2024\/03\/aksulastik-1.webp 1000w\" sizes=\"auto, (max-width: 300px) 100vw, 300px\" \/>                                                <\/div>\n            <\/div>\n            <div class=\"box-text text-center\" >\n                  <div class=\"box-text-inner\">\n                      <h6 class=\"uppercase portfolio-box-title\">aksulastik.com<\/h6>\n                      <p class=\"uppercase portfolio-box-category is-xsmall op-6\">\n                        <span class=\"show-on-hover\">\n                         E-Ticaret                        <\/span>\n                      <\/p>\n                  <\/div>\n            <\/div>\n           <\/div>\n           <\/a>\n           <\/div>\n           <\/div><div class=\"col\" data-terms=\"[&quot;E-Ticaret&quot;]\" >\n          <div class=\"col-inner\" >\n          <a href=\"https:\/\/barcag.com\/online\/projeler\/e-ticaret\/jantburada-com-tr\/\" class=\"plain \">\n          <div class=\"portfolio-box box has-hover box-default\">\n            <div class=\"box-image\" >\n                <div class=\"image-cover\" style=\"padding-top:100%;\">\n                <img loading=\"lazy\" decoding=\"async\" width=\"300\" height=\"300\" src=\"https:\/\/barcag.com\/online\/wp-content\/uploads\/2023\/03\/jantburadacomtr-300x300.webp\" class=\"attachment-medium size-medium\" alt=\"\" srcset=\"https:\/\/barcag.com\/online\/wp-content\/uploads\/2023\/03\/jantburadacomtr-300x300.webp 300w, https:\/\/barcag.com\/online\/wp-content\/uploads\/2023\/03\/jantburadacomtr-150x150.webp 150w, https:\/\/barcag.com\/online\/wp-content\/uploads\/2023\/03\/jantburadacomtr-768x768.webp 768w, https:\/\/barcag.com\/online\/wp-content\/uploads\/2023\/03\/jantburadacomtr-100x100.webp 100w, https:\/\/barcag.com\/online\/wp-content\/uploads\/2023\/03\/jantburadacomtr.webp 1000w\" sizes=\"auto, (max-width: 300px) 100vw, 300px\" \/>                                                <\/div>\n            <\/div>\n            <div class=\"box-text text-center\" >\n                  <div class=\"box-text-inner\">\n                      <h6 class=\"uppercase portfolio-box-title\">jantburada.com.tr<\/h6>\n                      <p class=\"uppercase portfolio-box-category is-xsmall op-6\">\n                        <span class=\"show-on-hover\">\n                         E-Ticaret                        <\/span>\n                      <\/p>\n                  <\/div>\n            <\/div>\n           <\/div>\n           <\/a>\n           <\/div>\n           <\/div><div class=\"col\" data-terms=\"[&quot;E-Ticaret&quot;]\" >\n          <div class=\"col-inner\" >\n          <a href=\"https:\/\/barcag.com\/online\/projeler\/e-ticaret\/jantmodelleri-com-tr\/\" class=\"plain \">\n          <div class=\"portfolio-box box has-hover box-default\">\n            <div class=\"box-image\" >\n                <div class=\"image-cover\" style=\"padding-top:100%;\">\n                <img loading=\"lazy\" decoding=\"async\" width=\"300\" height=\"300\" src=\"https:\/\/barcag.com\/online\/wp-content\/uploads\/2024\/10\/jantmodelleri-projesi-1-300x300.webp\" class=\"attachment-medium size-medium\" alt=\"\" srcset=\"https:\/\/barcag.com\/online\/wp-content\/uploads\/2024\/10\/jantmodelleri-projesi-1-300x300.webp 300w, https:\/\/barcag.com\/online\/wp-content\/uploads\/2024\/10\/jantmodelleri-projesi-1-150x150.webp 150w, https:\/\/barcag.com\/online\/wp-content\/uploads\/2024\/10\/jantmodelleri-projesi-1-768x768.webp 768w, https:\/\/barcag.com\/online\/wp-content\/uploads\/2024\/10\/jantmodelleri-projesi-1-100x100.webp 100w, https:\/\/barcag.com\/online\/wp-content\/uploads\/2024\/10\/jantmodelleri-projesi-1.webp 1000w\" sizes=\"auto, (max-width: 300px) 100vw, 300px\" \/>                                                <\/div>\n            <\/div>\n            <div class=\"box-text text-center\" >\n                  <div class=\"box-text-inner\">\n                      <h6 class=\"uppercase portfolio-box-title\">jantmodelleri.com.tr<\/h6>\n                      <p class=\"uppercase portfolio-box-category is-xsmall op-6\">\n                        <span class=\"show-on-hover\">\n                         E-Ticaret                        <\/span>\n                      <\/p>\n                  <\/div>\n            <\/div>\n           <\/div>\n           <\/a>\n           <\/div>\n           <\/div><\/div><\/div>\n","protected":false},"excerpt":{"rendered":"<h2>Lastik E-Ticaret Sitesi Yaz\u0131l\u0131m\u0131<\/h2>\n<p>Bu \u00fcr\u00fcn\u00fcm\u00fcz tamamen Lastik sat\u0131\u015f \u00fczerine programlanm\u0131\u015f gerekli t\u00fcm ihtiya\u00e7lar\u0131 kar\u015f\u0131layacak \u015fekilde tasarlanm\u0131\u015ft\u0131r.<\/p>\n<p>Detayl\u0131 tamamen kendi geli\u015ftirdi\u011fimiz Lastik Arama ekran\u0131 mevcuttur.<\/p>\n<p><strong>Sistemlerimiz %100 SEO Uyumludur.<\/strong><\/p>\n<p>Sistem ihtiya\u00e7lara g\u00f6re ekleme \u00f6zel tasar\u0131m olarak anahtar teslim olarak yap\u0131lmaktad\u0131r.<\/p>\n<p>Detaylar i\u00e7in bizimle ileti\u015fime ge\u00e7iniz.<\/p>\n<p><strong>\u00d6rnek projeler<\/strong><\/p>\n<ul>\n<li><a href=\"https:\/\/aksulastik.com\/\" target=\"_blank\" rel=\"noopener\">aksulastik.com<\/a><\/li>\n<li><a href=\"https:\/\/jantburada.com.tr\/\" target=\"_blank\" rel=\"noopener\">jantburada.com.tr<\/a><\/li>\n<li><a href=\"https:\/\/jantmodelleri.com.tr\/\">jantmodelleri.com.tr<\/a><\/li>\n<\/ul>\n<p>Fiyatlar\u0131m\u0131z <strong>\u00d6m\u00fcr Boyu<\/strong> Lisans i\u00e7in ge\u00e7erlidir, sonraki y\u0131llarda yaln\u0131zca sunucu <a href=\"https:\/\/barcag.com\/online\/urun\/yillik-e-ticaret-web-sunucu-bedeli\/\"><strong>yenileme<\/strong> <\/a>\u00fccreti vard\u0131r.<\/p>\n","protected":false},"featured_media":213,"template":"","meta":{"inline_featured_image":false,"_joinchat":[]},"product_brand":[],"product_cat":[16,21],"product_tag":[],"class_list":{"0":"post-2572","1":"product","2":"type-product","3":"status-publish","4":"has-post-thumbnail","6":"product_cat-yazilim","7":"product_cat-e-ticaret","9":"first","10":"instock","11":"taxable","12":"shipping-taxable","13":"product-type-external"},"yoast_head":"<!-- This site is optimized with the Yoast SEO plugin v26.7 - https:\/\/yoast.com\/wordpress\/plugins\/seo\/ -->\n<title>Lastik Online Sat\u0131\u015f E-Ticaret Sitesi Yaz\u0131l\u0131m\u0131 - Bar\u00e7a\u011f Yaz\u0131l\u0131m<\/title>\n<meta name=\"description\" content=\"Lastik E-Ticaret Sitesi Yaz\u0131l\u0131m\u0131 Bu \u00fcr\u00fcn\u00fcm\u00fcz tamamen Lastik sat\u0131\u015f \u00fczerine programlanm\u0131\u015f gerekli t\u00fcm ihtiya\u00e7lar\u0131 kar\u015f\u0131layacak \u015fekilde tasarlanm\u0131\u015ft\u0131r.  Detayl\u0131 tamamen kendi geli\u015ftirdi\u011fimiz Lastik Arama ekran\u0131 mevcuttur.  Sistemlerimiz %100 SEO Uyumludur.  Sistem ihtiya\u00e7lara g\u00f6re ekleme \u00f6zel tasar\u0131m olarak anahtar teslim olarak yap\u0131lmaktad\u0131r.  Detaylar i\u00e7in bizimle ileti\u015fime ge\u00e7iniz.  \u00d6rnek projeler   aksulastik.com  jantburada.com.tr  jantmodelleri.com.tr  Fiyatlar\u0131m\u0131z \u00d6m\u00fcr Boyu Lisans i\u00e7in ge\u00e7erlidir, sonraki y\u0131llarda yaln\u0131zca sunucu yenileme \u00fccreti vard\u0131r.\" \/>\n<meta name=\"robots\" content=\"index, follow, max-snippet:-1, max-image-preview:large, max-video-preview:-1\" \/>\n<link rel=\"canonical\" href=\"https:\/\/barcag.com\/online\/urun\/lastik-online-satis-e-ticaret-sitesi-yazilimi\/\" \/>\n<meta property=\"og:locale\" content=\"tr_TR\" \/>\n<meta property=\"og:type\" content=\"article\" \/>\n<meta property=\"og:title\" content=\"Lastik Online Sat\u0131\u015f E-Ticaret Sitesi Yaz\u0131l\u0131m\u0131 - Bar\u00e7a\u011f Yaz\u0131l\u0131m\" \/>\n<meta property=\"og:description\" content=\"Lastik E-Ticaret Sitesi Yaz\u0131l\u0131m\u0131 Bu \u00fcr\u00fcn\u00fcm\u00fcz tamamen Lastik sat\u0131\u015f \u00fczerine programlanm\u0131\u015f gerekli t\u00fcm ihtiya\u00e7lar\u0131 kar\u015f\u0131layacak \u015fekilde tasarlanm\u0131\u015ft\u0131r.  Detayl\u0131 tamamen kendi geli\u015ftirdi\u011fimiz Lastik Arama ekran\u0131 mevcuttur.  Sistemlerimiz %100 SEO Uyumludur.  Sistem ihtiya\u00e7lara g\u00f6re ekleme \u00f6zel tasar\u0131m olarak anahtar teslim olarak yap\u0131lmaktad\u0131r.  Detaylar i\u00e7in bizimle ileti\u015fime ge\u00e7iniz.  \u00d6rnek projeler   aksulastik.com  jantburada.com.tr  jantmodelleri.com.tr  Fiyatlar\u0131m\u0131z \u00d6m\u00fcr Boyu Lisans i\u00e7in ge\u00e7erlidir, sonraki y\u0131llarda yaln\u0131zca sunucu yenileme \u00fccreti vard\u0131r.\" \/>\n<meta property=\"og:url\" content=\"https:\/\/barcag.com\/online\/urun\/lastik-online-satis-e-ticaret-sitesi-yazilimi\/\" \/>\n<meta property=\"og:site_name\" content=\"Bar\u00e7a\u011f Yaz\u0131l\u0131m\" \/>\n<meta property=\"article:modified_time\" content=\"2025-12-06T12:40:43+00:00\" \/>\n<meta property=\"og:image\" content=\"http:\/\/barcag.com\/online\/wp-content\/uploads\/2021\/06\/e-ticaret-web-sitesi.jpg\" \/>\n\t<meta property=\"og:image:width\" content=\"1366\" \/>\n\t<meta property=\"og:image:height\" content=\"768\" \/>\n\t<meta property=\"og:image:type\" content=\"image\/jpeg\" \/>\n<meta name=\"twitter:card\" content=\"summary_large_image\" \/>\n<meta name=\"twitter:label1\" content=\"Tahmini okuma s\u00fcresi\" \/>\n\t<meta name=\"twitter:data1\" content=\"1 dakika\" \/>\n<script type=\"application\/ld+json\" class=\"yoast-schema-graph\">{\"@context\":\"https:\/\/schema.org\",\"@graph\":[{\"@type\":\"WebPage\",\"@id\":\"https:\/\/barcag.com\/online\/urun\/lastik-online-satis-e-ticaret-sitesi-yazilimi\/\",\"url\":\"https:\/\/barcag.com\/online\/urun\/lastik-online-satis-e-ticaret-sitesi-yazilimi\/\",\"name\":\"Lastik Online Sat\u0131\u015f E-Ticaret Sitesi Yaz\u0131l\u0131m\u0131 - Bar\u00e7a\u011f Yaz\u0131l\u0131m\",\"isPartOf\":{\"@id\":\"https:\/\/barcag.com\/online\/#website\"},\"primaryImageOfPage\":{\"@id\":\"https:\/\/barcag.com\/online\/urun\/lastik-online-satis-e-ticaret-sitesi-yazilimi\/#primaryimage\"},\"image\":{\"@id\":\"https:\/\/barcag.com\/online\/urun\/lastik-online-satis-e-ticaret-sitesi-yazilimi\/#primaryimage\"},\"thumbnailUrl\":\"https:\/\/barcag.com\/online\/wp-content\/uploads\/2021\/06\/e-ticaret-web-sitesi.jpg\",\"datePublished\":\"2023-11-22T10:18:22+00:00\",\"dateModified\":\"2025-12-06T12:40:43+00:00\",\"description\":\"Lastik E-Ticaret Sitesi Yaz\u0131l\u0131m\u0131 Bu \u00fcr\u00fcn\u00fcm\u00fcz tamamen Lastik sat\u0131\u015f \u00fczerine programlanm\u0131\u015f gerekli t\u00fcm ihtiya\u00e7lar\u0131 kar\u015f\u0131layacak \u015fekilde tasarlanm\u0131\u015ft\u0131r. Detayl\u0131 tamamen kendi geli\u015ftirdi\u011fimiz Lastik Arama ekran\u0131 mevcuttur. Sistemlerimiz %100 SEO Uyumludur. Sistem ihtiya\u00e7lara g\u00f6re ekleme \u00f6zel tasar\u0131m olarak anahtar teslim olarak yap\u0131lmaktad\u0131r. Detaylar i\u00e7in bizimle ileti\u015fime ge\u00e7iniz. \u00d6rnek projeler aksulastik.com jantburada.com.tr jantmodelleri.com.tr Fiyatlar\u0131m\u0131z \u00d6m\u00fcr Boyu Lisans i\u00e7in ge\u00e7erlidir, sonraki y\u0131llarda yaln\u0131zca sunucu yenileme \u00fccreti vard\u0131r.\",\"breadcrumb\":{\"@id\":\"https:\/\/barcag.com\/online\/urun\/lastik-online-satis-e-ticaret-sitesi-yazilimi\/#breadcrumb\"},\"inLanguage\":\"tr\",\"potentialAction\":[{\"@type\":\"ReadAction\",\"target\":[\"https:\/\/barcag.com\/online\/urun\/lastik-online-satis-e-ticaret-sitesi-yazilimi\/\"]}]},{\"@type\":\"ImageObject\",\"inLanguage\":\"tr\",\"@id\":\"https:\/\/barcag.com\/online\/urun\/lastik-online-satis-e-ticaret-sitesi-yazilimi\/#primaryimage\",\"url\":\"https:\/\/barcag.com\/online\/wp-content\/uploads\/2021\/06\/e-ticaret-web-sitesi.jpg\",\"contentUrl\":\"https:\/\/barcag.com\/online\/wp-content\/uploads\/2021\/06\/e-ticaret-web-sitesi.jpg\",\"width\":1366,\"height\":768,\"caption\":\"E-Ticaret Paketleri\"},{\"@type\":\"BreadcrumbList\",\"@id\":\"https:\/\/barcag.com\/online\/urun\/lastik-online-satis-e-ticaret-sitesi-yazilimi\/#breadcrumb\",\"itemListElement\":[{\"@type\":\"ListItem\",\"position\":1,\"name\":\"Anasayfa\",\"item\":\"https:\/\/barcag.com\/online\/\"},{\"@type\":\"ListItem\",\"position\":2,\"name\":\"Hizmetler\",\"item\":\"https:\/\/barcag.com\/online\/magaza\/\"},{\"@type\":\"ListItem\",\"position\":3,\"name\":\"Yaz\u0131l\u0131m\",\"item\":\"https:\/\/barcag.com\/online\/yazilim\/\"},{\"@type\":\"ListItem\",\"position\":4,\"name\":\"E-Ticaret\",\"item\":\"https:\/\/barcag.com\/online\/urun-kategori\/yazilim\/e-ticaret\/\"},{\"@type\":\"ListItem\",\"position\":5,\"name\":\"Lastik Online Sat\u0131\u015f E-Ticaret Sitesi Yaz\u0131l\u0131m\u0131\"}]},{\"@type\":\"WebSite\",\"@id\":\"https:\/\/barcag.com\/online\/#website\",\"url\":\"https:\/\/barcag.com\/online\/\",\"name\":\"Bar\u00e7a\u011f Yaz\u0131l\u0131m\",\"description\":\"Online\",\"publisher\":{\"@id\":\"https:\/\/barcag.com\/online\/#organization\"},\"potentialAction\":[{\"@type\":\"SearchAction\",\"target\":{\"@type\":\"EntryPoint\",\"urlTemplate\":\"https:\/\/barcag.com\/online\/?s={search_term_string}\"},\"query-input\":{\"@type\":\"PropertyValueSpecification\",\"valueRequired\":true,\"valueName\":\"search_term_string\"}}],\"inLanguage\":\"tr\"},{\"@type\":\"Organization\",\"@id\":\"https:\/\/barcag.com\/online\/#organization\",\"name\":\"Bar\u00e7a\u011f Yaz\u0131l\u0131m\",\"url\":\"https:\/\/barcag.com\/online\/\",\"logo\":{\"@type\":\"ImageObject\",\"inLanguage\":\"tr\",\"@id\":\"https:\/\/barcag.com\/online\/#\/schema\/logo\/image\/\",\"url\":\"https:\/\/barcag.com\/online\/wp-content\/uploads\/2022\/03\/yenilogorenkli.svg\",\"contentUrl\":\"https:\/\/barcag.com\/online\/wp-content\/uploads\/2022\/03\/yenilogorenkli.svg\",\"width\":1,\"height\":1,\"caption\":\"Bar\u00e7a\u011f Yaz\u0131l\u0131m\"},\"image\":{\"@id\":\"https:\/\/barcag.com\/online\/#\/schema\/logo\/image\/\"}}]}<\/script>\n<!-- \/ Yoast SEO plugin. -->","yoast_head_json":{"title":"Lastik Online Sat\u0131\u015f E-Ticaret Sitesi Yaz\u0131l\u0131m\u0131 - Bar\u00e7a\u011f Yaz\u0131l\u0131m","description":"Lastik E-Ticaret Sitesi Yaz\u0131l\u0131m\u0131 Bu \u00fcr\u00fcn\u00fcm\u00fcz tamamen Lastik sat\u0131\u015f \u00fczerine programlanm\u0131\u015f gerekli t\u00fcm ihtiya\u00e7lar\u0131 kar\u015f\u0131layacak \u015fekilde tasarlanm\u0131\u015ft\u0131r.  Detayl\u0131 tamamen kendi geli\u015ftirdi\u011fimiz Lastik Arama ekran\u0131 mevcuttur.  Sistemlerimiz %100 SEO Uyumludur.  Sistem ihtiya\u00e7lara g\u00f6re ekleme \u00f6zel tasar\u0131m olarak anahtar teslim olarak yap\u0131lmaktad\u0131r.  Detaylar i\u00e7in bizimle ileti\u015fime ge\u00e7iniz.  \u00d6rnek projeler   aksulastik.com  jantburada.com.tr  jantmodelleri.com.tr  Fiyatlar\u0131m\u0131z \u00d6m\u00fcr Boyu Lisans i\u00e7in ge\u00e7erlidir, sonraki y\u0131llarda yaln\u0131zca sunucu yenileme \u00fccreti vard\u0131r.","robots":{"index":"index","follow":"follow","max-snippet":"max-snippet:-1","max-image-preview":"max-image-preview:large","max-video-preview":"max-video-preview:-1"},"canonical":"https:\/\/barcag.com\/online\/urun\/lastik-online-satis-e-ticaret-sitesi-yazilimi\/","og_locale":"tr_TR","og_type":"article","og_title":"Lastik Online Sat\u0131\u015f E-Ticaret Sitesi Yaz\u0131l\u0131m\u0131 - Bar\u00e7a\u011f Yaz\u0131l\u0131m","og_description":"Lastik E-Ticaret Sitesi Yaz\u0131l\u0131m\u0131 Bu \u00fcr\u00fcn\u00fcm\u00fcz tamamen Lastik sat\u0131\u015f \u00fczerine programlanm\u0131\u015f gerekli t\u00fcm ihtiya\u00e7lar\u0131 kar\u015f\u0131layacak \u015fekilde tasarlanm\u0131\u015ft\u0131r.  Detayl\u0131 tamamen kendi geli\u015ftirdi\u011fimiz Lastik Arama ekran\u0131 mevcuttur.  Sistemlerimiz %100 SEO Uyumludur.  Sistem ihtiya\u00e7lara g\u00f6re ekleme \u00f6zel tasar\u0131m olarak anahtar teslim olarak yap\u0131lmaktad\u0131r.  Detaylar i\u00e7in bizimle ileti\u015fime ge\u00e7iniz.  \u00d6rnek projeler   aksulastik.com  jantburada.com.tr  jantmodelleri.com.tr  Fiyatlar\u0131m\u0131z \u00d6m\u00fcr Boyu Lisans i\u00e7in ge\u00e7erlidir, sonraki y\u0131llarda yaln\u0131zca sunucu yenileme \u00fccreti vard\u0131r.","og_url":"https:\/\/barcag.com\/online\/urun\/lastik-online-satis-e-ticaret-sitesi-yazilimi\/","og_site_name":"Bar\u00e7a\u011f Yaz\u0131l\u0131m","article_modified_time":"2025-12-06T12:40:43+00:00","og_image":[{"width":1366,"height":768,"url":"http:\/\/barcag.com\/online\/wp-content\/uploads\/2021\/06\/e-ticaret-web-sitesi.jpg","type":"image\/jpeg"}],"twitter_card":"summary_large_image","twitter_misc":{"Tahmini okuma s\u00fcresi":"1 dakika"},"schema":{"@context":"https:\/\/schema.org","@graph":[{"@type":"WebPage","@id":"https:\/\/barcag.com\/online\/urun\/lastik-online-satis-e-ticaret-sitesi-yazilimi\/","url":"https:\/\/barcag.com\/online\/urun\/lastik-online-satis-e-ticaret-sitesi-yazilimi\/","name":"Lastik Online Sat\u0131\u015f E-Ticaret Sitesi Yaz\u0131l\u0131m\u0131 - Bar\u00e7a\u011f Yaz\u0131l\u0131m","isPartOf":{"@id":"https:\/\/barcag.com\/online\/#website"},"primaryImageOfPage":{"@id":"https:\/\/barcag.com\/online\/urun\/lastik-online-satis-e-ticaret-sitesi-yazilimi\/#primaryimage"},"image":{"@id":"https:\/\/barcag.com\/online\/urun\/lastik-online-satis-e-ticaret-sitesi-yazilimi\/#primaryimage"},"thumbnailUrl":"https:\/\/barcag.com\/online\/wp-content\/uploads\/2021\/06\/e-ticaret-web-sitesi.jpg","datePublished":"2023-11-22T10:18:22+00:00","dateModified":"2025-12-06T12:40:43+00:00","description":"Lastik E-Ticaret Sitesi Yaz\u0131l\u0131m\u0131 Bu \u00fcr\u00fcn\u00fcm\u00fcz tamamen Lastik sat\u0131\u015f \u00fczerine programlanm\u0131\u015f gerekli t\u00fcm ihtiya\u00e7lar\u0131 kar\u015f\u0131layacak \u015fekilde tasarlanm\u0131\u015ft\u0131r. Detayl\u0131 tamamen kendi geli\u015ftirdi\u011fimiz Lastik Arama ekran\u0131 mevcuttur. Sistemlerimiz %100 SEO Uyumludur. Sistem ihtiya\u00e7lara g\u00f6re ekleme \u00f6zel tasar\u0131m olarak anahtar teslim olarak yap\u0131lmaktad\u0131r. Detaylar i\u00e7in bizimle ileti\u015fime ge\u00e7iniz. \u00d6rnek projeler aksulastik.com jantburada.com.tr jantmodelleri.com.tr Fiyatlar\u0131m\u0131z \u00d6m\u00fcr Boyu Lisans i\u00e7in ge\u00e7erlidir, sonraki y\u0131llarda yaln\u0131zca sunucu yenileme \u00fccreti vard\u0131r.","breadcrumb":{"@id":"https:\/\/barcag.com\/online\/urun\/lastik-online-satis-e-ticaret-sitesi-yazilimi\/#breadcrumb"},"inLanguage":"tr","potentialAction":[{"@type":"ReadAction","target":["https:\/\/barcag.com\/online\/urun\/lastik-online-satis-e-ticaret-sitesi-yazilimi\/"]}]},{"@type":"ImageObject","inLanguage":"tr","@id":"https:\/\/barcag.com\/online\/urun\/lastik-online-satis-e-ticaret-sitesi-yazilimi\/#primaryimage","url":"https:\/\/barcag.com\/online\/wp-content\/uploads\/2021\/06\/e-ticaret-web-sitesi.jpg","contentUrl":"https:\/\/barcag.com\/online\/wp-content\/uploads\/2021\/06\/e-ticaret-web-sitesi.jpg","width":1366,"height":768,"caption":"E-Ticaret Paketleri"},{"@type":"BreadcrumbList","@id":"https:\/\/barcag.com\/online\/urun\/lastik-online-satis-e-ticaret-sitesi-yazilimi\/#breadcrumb","itemListElement":[{"@type":"ListItem","position":1,"name":"Anasayfa","item":"https:\/\/barcag.com\/online\/"},{"@type":"ListItem","position":2,"name":"Hizmetler","item":"https:\/\/barcag.com\/online\/magaza\/"},{"@type":"ListItem","position":3,"name":"Yaz\u0131l\u0131m","item":"https:\/\/barcag.com\/online\/yazilim\/"},{"@type":"ListItem","position":4,"name":"E-Ticaret","item":"https:\/\/barcag.com\/online\/urun-kategori\/yazilim\/e-ticaret\/"},{"@type":"ListItem","position":5,"name":"Lastik Online Sat\u0131\u015f E-Ticaret Sitesi Yaz\u0131l\u0131m\u0131"}]},{"@type":"WebSite","@id":"https:\/\/barcag.com\/online\/#website","url":"https:\/\/barcag.com\/online\/","name":"Bar\u00e7a\u011f Yaz\u0131l\u0131m","description":"Online","publisher":{"@id":"https:\/\/barcag.com\/online\/#organization"},"potentialAction":[{"@type":"SearchAction","target":{"@type":"EntryPoint","urlTemplate":"https:\/\/barcag.com\/online\/?s={search_term_string}"},"query-input":{"@type":"PropertyValueSpecification","valueRequired":true,"valueName":"search_term_string"}}],"inLanguage":"tr"},{"@type":"Organization","@id":"https:\/\/barcag.com\/online\/#organization","name":"Bar\u00e7a\u011f Yaz\u0131l\u0131m","url":"https:\/\/barcag.com\/online\/","logo":{"@type":"ImageObject","inLanguage":"tr","@id":"https:\/\/barcag.com\/online\/#\/schema\/logo\/image\/","url":"https:\/\/barcag.com\/online\/wp-content\/uploads\/2022\/03\/yenilogorenkli.svg","contentUrl":"https:\/\/barcag.com\/online\/wp-content\/uploads\/2022\/03\/yenilogorenkli.svg","width":1,"height":1,"caption":"Bar\u00e7a\u011f Yaz\u0131l\u0131m"},"image":{"@id":"https:\/\/barcag.com\/online\/#\/schema\/logo\/image\/"}}]}},"_links":{"self":[{"href":"https:\/\/barcag.com\/online\/wp-json\/wp\/v2\/product\/2572","targetHints":{"allow":["GET"]}}],"collection":[{"href":"https:\/\/barcag.com\/online\/wp-json\/wp\/v2\/product"}],"about":[{"href":"https:\/\/barcag.com\/online\/wp-json\/wp\/v2\/types\/product"}],"wp:featuredmedia":[{"embeddable":true,"href":"https:\/\/barcag.com\/online\/wp-json\/wp\/v2\/media\/213"}],"wp:attachment":[{"href":"https:\/\/barcag.com\/online\/wp-json\/wp\/v2\/media?parent=2572"}],"wp:term":[{"taxonomy":"product_brand","embeddable":true,"href":"https:\/\/barcag.com\/online\/wp-json\/wp\/v2\/product_brand?post=2572"},{"taxonomy":"product_cat","embeddable":true,"href":"https:\/\/barcag.com\/online\/wp-json\/wp\/v2\/product_cat?post=2572"},{"taxonomy":"product_tag","embeddable":true,"href":"https:\/\/barcag.com\/online\/wp-json\/wp\/v2\/product_tag?post=2572"}],"curies":[{"name":"wp","href":"https:\/\/api.w.org\/{rel}","templated":true}]}}