{"id":2578,"date":"2023-11-22T13:22:49","date_gmt":"2023-11-22T10:22:49","guid":{"rendered":"https:\/\/barcag.com\/online\/?post_type=product&#038;p=2578"},"modified":"2025-12-06T15:40:43","modified_gmt":"2025-12-06T12:40:43","slug":"yedek-parca-online-satis-e-ticaret-sitesi-yazilimi","status":"publish","type":"product","link":"https:\/\/barcag.com\/online\/urun\/yedek-parca-online-satis-e-ticaret-sitesi-yazilimi\/","title":{"rendered":"Yedek Par\u00e7a Online Sat\u0131\u015f E-Ticaret Sitesi Yaz\u0131l\u0131m\u0131"},"content":{"rendered":"<h2>Yedek Par\u00e7a Online Sat\u0131\u015f E-Ticaret Sitesi Yaz\u0131l\u0131m\u0131<\/h2>\n<p>Bu \u00fcr\u00fcn\u00fcm\u00fcz tamamen yedek par\u00e7a online sat\u0131\u015f \u00fczerine programlanm\u0131\u015f gerekli t\u00fcm ihtiya\u00e7lar\u0131 kar\u015f\u0131layacak \u015fekilde tasarlanm\u0131\u015ft\u0131r.<\/p>\n<p>Detayl\u0131 tamamen kendi geli\u015ftirdi\u011fimiz marka model y\u0131l ve kategori olarak Arama ekran\u0131 mevcuttur.<\/p>\n<p><strong>Sistemlerimiz %100 SEO Uyumludur.<\/strong><\/p>\n<p>Sistem ihtiya\u00e7lara g\u00f6re ekleme \u00f6zel tasar\u0131m olarak anahtar teslim olarak yap\u0131lmaktad\u0131r.<\/p>\n<p>Detaylar i\u00e7in bizimle ileti\u015fime ge\u00e7iniz.<\/p>\n<p><strong>\u00d6rnek projeler (Hen\u00fcz teslim edilmi\u015f yedek par\u00e7a projemiz yoktur sistem ayn\u0131 altyap\u0131 ile \u00e7al\u0131\u015fmaktad\u0131r.)<\/strong><\/p>\n<ul>\n<li><a href=\"https:\/\/aksulastik.com\/\" target=\"_blank\" rel=\"noopener\">aksulastik.com<\/a><\/li>\n<li><a href=\"https:\/\/jantburada.com.tr\/\" target=\"_blank\" rel=\"noopener\">jantburada.com.tr<\/a><\/li>\n<\/ul>\n<hr \/>\n<p><strong>\u0130lginizi \u00c7ekebilir<\/strong><\/p>\n<ul>\n<li><a href=\"https:\/\/barcag.com\/woocommerce-nedir-ne-ise-yarar\/\">WooCommerce Nedir? Ne \u0130\u015fe Yarar?<\/a><\/li>\n<li><a href=\"https:\/\/barcag.com\/e-ticaret-nedir-nasil-yapilir\/\">E-Ticaret Nedir? Nas\u0131l Yap\u0131l\u0131r?<\/a><\/li>\n<li><a href=\"https:\/\/barcag.com\/e-ticaret-sitesi-kurmak\/\">E-Ticaret Sitesi Kurmak \u0130\u00e7in Gerekenler<\/a><\/li>\n<li><a href=\"https:\/\/barcag.com\/woocommerce-havale-eft-indirim-otomatik-uygulama\/\">WooCommerce Havale \/ EFT \u0130ndirim Otomatik Uygulama<\/a><\/li>\n<li><a href=\"https:\/\/barcag.com\/woocommerce-fiyat-gizleme\/\">WooCommerce Fiyat Gizleme<\/a><\/li>\n<li><a href=\"https:\/\/barcag.com\/woocommerce-sepete-ekle-kaldir-degistir\/\">WooCommerce Sepete Ekle Kald\u0131rma \/ De\u011fi\u015ftirme<\/a><\/li>\n<li><a href=\"https:\/\/barcag.com\/flatsome-tema-nedir-en-iyi-e-ticaret-deneyimi\/\">En \u0130yi E-Ticaret Temas\u0131 Hangisi?<\/a><\/li>\n<li><a href=\"https:\/\/barcag.com\/wordpress-icerik-koruma-kopyalama-ve-sag-tik-engelleme\/\">WordPress \u0130\u00e7erik Koruma, Kopyalama ve Sa\u011f T\u0131k Engelleme<\/a><\/li>\n<\/ul>\n","protected":false},"excerpt":{"rendered":"<h2>Yedek Par\u00e7a Online Sat\u0131\u015f E-Ticaret Sitesi Yaz\u0131l\u0131m\u0131<\/h2>\n<p>Bu \u00fcr\u00fcn\u00fcm\u00fcz tamamen yedek par\u00e7a online sat\u0131\u015f \u00fczerine programlanm\u0131\u015f gerekli t\u00fcm ihtiya\u00e7lar\u0131 kar\u015f\u0131layacak \u015fekilde tasarlanm\u0131\u015ft\u0131r.<\/p>\n<p>Detayl\u0131 tamamen kendi geli\u015ftirdi\u011fimiz marka model y\u0131l ve kategori olarak Arama ekran\u0131 mevcuttur.<\/p>\n<p><strong>Sistemlerimiz %100 SEO Uyumludur.<\/strong><\/p>\n<p>Sistem ihtiya\u00e7lara g\u00f6re ekleme \u00f6zel tasar\u0131m olarak anahtar teslim olarak yap\u0131lmaktad\u0131r.<\/p>\n<p>Detaylar i\u00e7in bizimle ileti\u015fime ge\u00e7iniz.<\/p>\n<p><strong>\u00d6rnek projeler (Hen\u00fcz teslim edilmi\u015f yedek par\u00e7a projemiz yoktur sistem ayn\u0131 altyap\u0131 ile \u00e7al\u0131\u015fmaktad\u0131r.)<\/strong><\/p>\n<ul>\n<li><a href=\"https:\/\/aksulastik.com\/\" target=\"_blank\" rel=\"noopener\">aksulastik.com<\/a><\/li>\n<li><a href=\"https:\/\/jantburada.com.tr\/\" target=\"_blank\" rel=\"noopener\">jantburada.com.tr<\/a><\/li>\n<\/ul>\n<p>Fiyatlar\u0131m\u0131z <strong>\u00d6m\u00fcr Boyu<\/strong> Lisans i\u00e7in ge\u00e7erlidir, sonraki y\u0131llarda yaln\u0131zca sunucu <a href=\"https:\/\/barcag.com\/online\/urun\/yillik-e-ticaret-web-sunucu-bedeli\/\"><strong>yenileme<\/strong> <\/a>\u00fccreti vard\u0131r.<\/p>\n","protected":false},"featured_media":213,"template":"","meta":{"inline_featured_image":false,"_joinchat":[]},"product_brand":[],"product_cat":[21,16],"product_tag":[],"class_list":{"0":"post-2578","1":"product","2":"type-product","3":"status-publish","4":"has-post-thumbnail","6":"product_cat-e-ticaret","7":"product_cat-yazilim","9":"first","10":"instock","11":"taxable","12":"shipping-taxable","13":"product-type-external"},"yoast_head":"<!-- This site is optimized with the Yoast SEO plugin v26.7 - https:\/\/yoast.com\/wordpress\/plugins\/seo\/ -->\n<title>Yedek Par\u00e7a Online Sat\u0131\u015f E-Ticaret Sitesi Yaz\u0131l\u0131m\u0131 - Bar\u00e7a\u011f Yaz\u0131l\u0131m<\/title>\n<meta name=\"description\" content=\"Yedek Par\u00e7a Online Sat\u0131\u015f E-Ticaret Sitesi Yaz\u0131l\u0131m\u0131 Bu \u00fcr\u00fcn\u00fcm\u00fcz tamamen yedek par\u00e7a online sat\u0131\u015f \u00fczerine programlanm\u0131\u015f gerekli t\u00fcm ihtiya\u00e7lar\u0131 kar\u015f\u0131layacak \u015fekilde tasarlanm\u0131\u015ft\u0131r.  Detayl\u0131 tamamen kendi geli\u015ftirdi\u011fimiz marka model y\u0131l ve kategori olarak Arama ekran\u0131 mevcuttur.  Sistemlerimiz %100 SEO Uyumludur.  Sistem ihtiya\u00e7lara g\u00f6re ekleme \u00f6zel tasar\u0131m olarak anahtar teslim olarak yap\u0131lmaktad\u0131r.  Detaylar i\u00e7in bizimle ileti\u015fime ge\u00e7iniz.  \u00d6rnek projeler (Hen\u00fcz teslim edilmi\u015f yedek par\u00e7a projemiz yoktur sistem ayn\u0131 altyap\u0131 ile \u00e7al\u0131\u015fmaktad\u0131r.)   aksulastik.com  jantburada.com.tr  Fiyatlar\u0131m\u0131z \u00d6m\u00fcr Boyu Lisans i\u00e7in ge\u00e7erlidir, sonraki y\u0131llarda yaln\u0131zca sunucu yenileme \u00fccreti vard\u0131r.\" \/>\n<meta name=\"robots\" content=\"index, follow, max-snippet:-1, max-image-preview:large, max-video-preview:-1\" \/>\n<link rel=\"canonical\" href=\"https:\/\/barcag.com\/online\/urun\/yedek-parca-online-satis-e-ticaret-sitesi-yazilimi\/\" \/>\n<meta property=\"og:locale\" content=\"tr_TR\" \/>\n<meta property=\"og:type\" content=\"article\" \/>\n<meta property=\"og:title\" content=\"Yedek Par\u00e7a Online Sat\u0131\u015f E-Ticaret Sitesi Yaz\u0131l\u0131m\u0131 - Bar\u00e7a\u011f Yaz\u0131l\u0131m\" \/>\n<meta property=\"og:description\" content=\"Yedek Par\u00e7a Online Sat\u0131\u015f E-Ticaret Sitesi Yaz\u0131l\u0131m\u0131 Bu \u00fcr\u00fcn\u00fcm\u00fcz tamamen yedek par\u00e7a online sat\u0131\u015f \u00fczerine programlanm\u0131\u015f gerekli t\u00fcm ihtiya\u00e7lar\u0131 kar\u015f\u0131layacak \u015fekilde tasarlanm\u0131\u015ft\u0131r.  Detayl\u0131 tamamen kendi geli\u015ftirdi\u011fimiz marka model y\u0131l ve kategori olarak Arama ekran\u0131 mevcuttur.  Sistemlerimiz %100 SEO Uyumludur.  Sistem ihtiya\u00e7lara g\u00f6re ekleme \u00f6zel tasar\u0131m olarak anahtar teslim olarak yap\u0131lmaktad\u0131r.  Detaylar i\u00e7in bizimle ileti\u015fime ge\u00e7iniz.  \u00d6rnek projeler (Hen\u00fcz teslim edilmi\u015f yedek par\u00e7a projemiz yoktur sistem ayn\u0131 altyap\u0131 ile \u00e7al\u0131\u015fmaktad\u0131r.)   aksulastik.com  jantburada.com.tr  Fiyatlar\u0131m\u0131z \u00d6m\u00fcr Boyu Lisans i\u00e7in ge\u00e7erlidir, sonraki y\u0131llarda yaln\u0131zca sunucu yenileme \u00fccreti vard\u0131r.\" \/>\n<meta property=\"og:url\" content=\"https:\/\/barcag.com\/online\/urun\/yedek-parca-online-satis-e-ticaret-sitesi-yazilimi\/\" \/>\n<meta property=\"og:site_name\" content=\"Bar\u00e7a\u011f Yaz\u0131l\u0131m\" \/>\n<meta property=\"article:modified_time\" content=\"2025-12-06T12:40:43+00:00\" \/>\n<meta property=\"og:image\" content=\"http:\/\/barcag.com\/online\/wp-content\/uploads\/2021\/06\/e-ticaret-web-sitesi.jpg\" \/>\n\t<meta property=\"og:image:width\" content=\"1366\" \/>\n\t<meta property=\"og:image:height\" content=\"768\" \/>\n\t<meta property=\"og:image:type\" content=\"image\/jpeg\" \/>\n<meta name=\"twitter:card\" content=\"summary_large_image\" \/>\n<meta name=\"twitter:label1\" content=\"Tahmini okuma s\u00fcresi\" \/>\n\t<meta name=\"twitter:data1\" content=\"1 dakika\" \/>\n<script type=\"application\/ld+json\" class=\"yoast-schema-graph\">{\"@context\":\"https:\/\/schema.org\",\"@graph\":[{\"@type\":\"WebPage\",\"@id\":\"https:\/\/barcag.com\/online\/urun\/yedek-parca-online-satis-e-ticaret-sitesi-yazilimi\/\",\"url\":\"https:\/\/barcag.com\/online\/urun\/yedek-parca-online-satis-e-ticaret-sitesi-yazilimi\/\",\"name\":\"Yedek Par\u00e7a Online Sat\u0131\u015f E-Ticaret Sitesi Yaz\u0131l\u0131m\u0131 - Bar\u00e7a\u011f Yaz\u0131l\u0131m\",\"isPartOf\":{\"@id\":\"https:\/\/barcag.com\/online\/#website\"},\"primaryImageOfPage\":{\"@id\":\"https:\/\/barcag.com\/online\/urun\/yedek-parca-online-satis-e-ticaret-sitesi-yazilimi\/#primaryimage\"},\"image\":{\"@id\":\"https:\/\/barcag.com\/online\/urun\/yedek-parca-online-satis-e-ticaret-sitesi-yazilimi\/#primaryimage\"},\"thumbnailUrl\":\"https:\/\/barcag.com\/online\/wp-content\/uploads\/2021\/06\/e-ticaret-web-sitesi.jpg\",\"datePublished\":\"2023-11-22T10:22:49+00:00\",\"dateModified\":\"2025-12-06T12:40:43+00:00\",\"description\":\"Yedek Par\u00e7a Online Sat\u0131\u015f E-Ticaret Sitesi Yaz\u0131l\u0131m\u0131 Bu \u00fcr\u00fcn\u00fcm\u00fcz tamamen yedek par\u00e7a online sat\u0131\u015f \u00fczerine programlanm\u0131\u015f gerekli t\u00fcm ihtiya\u00e7lar\u0131 kar\u015f\u0131layacak \u015fekilde tasarlanm\u0131\u015ft\u0131r. Detayl\u0131 tamamen kendi geli\u015ftirdi\u011fimiz marka model y\u0131l ve kategori olarak Arama ekran\u0131 mevcuttur. Sistemlerimiz %100 SEO Uyumludur. Sistem ihtiya\u00e7lara g\u00f6re ekleme \u00f6zel tasar\u0131m olarak anahtar teslim olarak yap\u0131lmaktad\u0131r. Detaylar i\u00e7in bizimle ileti\u015fime ge\u00e7iniz. \u00d6rnek projeler (Hen\u00fcz teslim edilmi\u015f yedek par\u00e7a projemiz yoktur sistem ayn\u0131 altyap\u0131 ile \u00e7al\u0131\u015fmaktad\u0131r.) aksulastik.com jantburada.com.tr Fiyatlar\u0131m\u0131z \u00d6m\u00fcr Boyu Lisans i\u00e7in ge\u00e7erlidir, sonraki y\u0131llarda yaln\u0131zca sunucu yenileme \u00fccreti vard\u0131r.\",\"breadcrumb\":{\"@id\":\"https:\/\/barcag.com\/online\/urun\/yedek-parca-online-satis-e-ticaret-sitesi-yazilimi\/#breadcrumb\"},\"inLanguage\":\"tr\",\"potentialAction\":[{\"@type\":\"ReadAction\",\"target\":[\"https:\/\/barcag.com\/online\/urun\/yedek-parca-online-satis-e-ticaret-sitesi-yazilimi\/\"]}]},{\"@type\":\"ImageObject\",\"inLanguage\":\"tr\",\"@id\":\"https:\/\/barcag.com\/online\/urun\/yedek-parca-online-satis-e-ticaret-sitesi-yazilimi\/#primaryimage\",\"url\":\"https:\/\/barcag.com\/online\/wp-content\/uploads\/2021\/06\/e-ticaret-web-sitesi.jpg\",\"contentUrl\":\"https:\/\/barcag.com\/online\/wp-content\/uploads\/2021\/06\/e-ticaret-web-sitesi.jpg\",\"width\":1366,\"height\":768,\"caption\":\"E-Ticaret Paketleri\"},{\"@type\":\"BreadcrumbList\",\"@id\":\"https:\/\/barcag.com\/online\/urun\/yedek-parca-online-satis-e-ticaret-sitesi-yazilimi\/#breadcrumb\",\"itemListElement\":[{\"@type\":\"ListItem\",\"position\":1,\"name\":\"Anasayfa\",\"item\":\"https:\/\/barcag.com\/online\/\"},{\"@type\":\"ListItem\",\"position\":2,\"name\":\"Hizmetler\",\"item\":\"https:\/\/barcag.com\/online\/magaza\/\"},{\"@type\":\"ListItem\",\"position\":3,\"name\":\"Yaz\u0131l\u0131m\",\"item\":\"https:\/\/barcag.com\/online\/yazilim\/\"},{\"@type\":\"ListItem\",\"position\":4,\"name\":\"E-Ticaret\",\"item\":\"https:\/\/barcag.com\/online\/urun-kategori\/yazilim\/e-ticaret\/\"},{\"@type\":\"ListItem\",\"position\":5,\"name\":\"Yedek Par\u00e7a Online Sat\u0131\u015f E-Ticaret Sitesi Yaz\u0131l\u0131m\u0131\"}]},{\"@type\":\"WebSite\",\"@id\":\"https:\/\/barcag.com\/online\/#website\",\"url\":\"https:\/\/barcag.com\/online\/\",\"name\":\"Bar\u00e7a\u011f Yaz\u0131l\u0131m\",\"description\":\"Online\",\"publisher\":{\"@id\":\"https:\/\/barcag.com\/online\/#organization\"},\"potentialAction\":[{\"@type\":\"SearchAction\",\"target\":{\"@type\":\"EntryPoint\",\"urlTemplate\":\"https:\/\/barcag.com\/online\/?s={search_term_string}\"},\"query-input\":{\"@type\":\"PropertyValueSpecification\",\"valueRequired\":true,\"valueName\":\"search_term_string\"}}],\"inLanguage\":\"tr\"},{\"@type\":\"Organization\",\"@id\":\"https:\/\/barcag.com\/online\/#organization\",\"name\":\"Bar\u00e7a\u011f Yaz\u0131l\u0131m\",\"url\":\"https:\/\/barcag.com\/online\/\",\"logo\":{\"@type\":\"ImageObject\",\"inLanguage\":\"tr\",\"@id\":\"https:\/\/barcag.com\/online\/#\/schema\/logo\/image\/\",\"url\":\"https:\/\/barcag.com\/online\/wp-content\/uploads\/2022\/03\/yenilogorenkli.svg\",\"contentUrl\":\"https:\/\/barcag.com\/online\/wp-content\/uploads\/2022\/03\/yenilogorenkli.svg\",\"width\":1,\"height\":1,\"caption\":\"Bar\u00e7a\u011f Yaz\u0131l\u0131m\"},\"image\":{\"@id\":\"https:\/\/barcag.com\/online\/#\/schema\/logo\/image\/\"}}]}<\/script>\n<!-- \/ Yoast SEO plugin. -->","yoast_head_json":{"title":"Yedek Par\u00e7a Online Sat\u0131\u015f E-Ticaret Sitesi Yaz\u0131l\u0131m\u0131 - Bar\u00e7a\u011f Yaz\u0131l\u0131m","description":"Yedek Par\u00e7a Online Sat\u0131\u015f E-Ticaret Sitesi Yaz\u0131l\u0131m\u0131 Bu \u00fcr\u00fcn\u00fcm\u00fcz tamamen yedek par\u00e7a online sat\u0131\u015f \u00fczerine programlanm\u0131\u015f gerekli t\u00fcm ihtiya\u00e7lar\u0131 kar\u015f\u0131layacak \u015fekilde tasarlanm\u0131\u015ft\u0131r.  Detayl\u0131 tamamen kendi geli\u015ftirdi\u011fimiz marka model y\u0131l ve kategori olarak Arama ekran\u0131 mevcuttur.  Sistemlerimiz %100 SEO Uyumludur.  Sistem ihtiya\u00e7lara g\u00f6re ekleme \u00f6zel tasar\u0131m olarak anahtar teslim olarak yap\u0131lmaktad\u0131r.  Detaylar i\u00e7in bizimle ileti\u015fime ge\u00e7iniz.  \u00d6rnek projeler (Hen\u00fcz teslim edilmi\u015f yedek par\u00e7a projemiz yoktur sistem ayn\u0131 altyap\u0131 ile \u00e7al\u0131\u015fmaktad\u0131r.)   aksulastik.com  jantburada.com.tr  Fiyatlar\u0131m\u0131z \u00d6m\u00fcr Boyu Lisans i\u00e7in ge\u00e7erlidir, sonraki y\u0131llarda yaln\u0131zca sunucu yenileme \u00fccreti vard\u0131r.","robots":{"index":"index","follow":"follow","max-snippet":"max-snippet:-1","max-image-preview":"max-image-preview:large","max-video-preview":"max-video-preview:-1"},"canonical":"https:\/\/barcag.com\/online\/urun\/yedek-parca-online-satis-e-ticaret-sitesi-yazilimi\/","og_locale":"tr_TR","og_type":"article","og_title":"Yedek Par\u00e7a Online Sat\u0131\u015f E-Ticaret Sitesi Yaz\u0131l\u0131m\u0131 - Bar\u00e7a\u011f Yaz\u0131l\u0131m","og_description":"Yedek Par\u00e7a Online Sat\u0131\u015f E-Ticaret Sitesi Yaz\u0131l\u0131m\u0131 Bu \u00fcr\u00fcn\u00fcm\u00fcz tamamen yedek par\u00e7a online sat\u0131\u015f \u00fczerine programlanm\u0131\u015f gerekli t\u00fcm ihtiya\u00e7lar\u0131 kar\u015f\u0131layacak \u015fekilde tasarlanm\u0131\u015ft\u0131r.  Detayl\u0131 tamamen kendi geli\u015ftirdi\u011fimiz marka model y\u0131l ve kategori olarak Arama ekran\u0131 mevcuttur.  Sistemlerimiz %100 SEO Uyumludur.  Sistem ihtiya\u00e7lara g\u00f6re ekleme \u00f6zel tasar\u0131m olarak anahtar teslim olarak yap\u0131lmaktad\u0131r.  Detaylar i\u00e7in bizimle ileti\u015fime ge\u00e7iniz.  \u00d6rnek projeler (Hen\u00fcz teslim edilmi\u015f yedek par\u00e7a projemiz yoktur sistem ayn\u0131 altyap\u0131 ile \u00e7al\u0131\u015fmaktad\u0131r.)   aksulastik.com  jantburada.com.tr  Fiyatlar\u0131m\u0131z \u00d6m\u00fcr Boyu Lisans i\u00e7in ge\u00e7erlidir, sonraki y\u0131llarda yaln\u0131zca sunucu yenileme \u00fccreti vard\u0131r.","og_url":"https:\/\/barcag.com\/online\/urun\/yedek-parca-online-satis-e-ticaret-sitesi-yazilimi\/","og_site_name":"Bar\u00e7a\u011f Yaz\u0131l\u0131m","article_modified_time":"2025-12-06T12:40:43+00:00","og_image":[{"width":1366,"height":768,"url":"http:\/\/barcag.com\/online\/wp-content\/uploads\/2021\/06\/e-ticaret-web-sitesi.jpg","type":"image\/jpeg"}],"twitter_card":"summary_large_image","twitter_misc":{"Tahmini okuma s\u00fcresi":"1 dakika"},"schema":{"@context":"https:\/\/schema.org","@graph":[{"@type":"WebPage","@id":"https:\/\/barcag.com\/online\/urun\/yedek-parca-online-satis-e-ticaret-sitesi-yazilimi\/","url":"https:\/\/barcag.com\/online\/urun\/yedek-parca-online-satis-e-ticaret-sitesi-yazilimi\/","name":"Yedek Par\u00e7a Online Sat\u0131\u015f E-Ticaret Sitesi Yaz\u0131l\u0131m\u0131 - Bar\u00e7a\u011f Yaz\u0131l\u0131m","isPartOf":{"@id":"https:\/\/barcag.com\/online\/#website"},"primaryImageOfPage":{"@id":"https:\/\/barcag.com\/online\/urun\/yedek-parca-online-satis-e-ticaret-sitesi-yazilimi\/#primaryimage"},"image":{"@id":"https:\/\/barcag.com\/online\/urun\/yedek-parca-online-satis-e-ticaret-sitesi-yazilimi\/#primaryimage"},"thumbnailUrl":"https:\/\/barcag.com\/online\/wp-content\/uploads\/2021\/06\/e-ticaret-web-sitesi.jpg","datePublished":"2023-11-22T10:22:49+00:00","dateModified":"2025-12-06T12:40:43+00:00","description":"Yedek Par\u00e7a Online Sat\u0131\u015f E-Ticaret Sitesi Yaz\u0131l\u0131m\u0131 Bu \u00fcr\u00fcn\u00fcm\u00fcz tamamen yedek par\u00e7a online sat\u0131\u015f \u00fczerine programlanm\u0131\u015f gerekli t\u00fcm ihtiya\u00e7lar\u0131 kar\u015f\u0131layacak \u015fekilde tasarlanm\u0131\u015ft\u0131r. Detayl\u0131 tamamen kendi geli\u015ftirdi\u011fimiz marka model y\u0131l ve kategori olarak Arama ekran\u0131 mevcuttur. Sistemlerimiz %100 SEO Uyumludur. Sistem ihtiya\u00e7lara g\u00f6re ekleme \u00f6zel tasar\u0131m olarak anahtar teslim olarak yap\u0131lmaktad\u0131r. Detaylar i\u00e7in bizimle ileti\u015fime ge\u00e7iniz. \u00d6rnek projeler (Hen\u00fcz teslim edilmi\u015f yedek par\u00e7a projemiz yoktur sistem ayn\u0131 altyap\u0131 ile \u00e7al\u0131\u015fmaktad\u0131r.) aksulastik.com jantburada.com.tr Fiyatlar\u0131m\u0131z \u00d6m\u00fcr Boyu Lisans i\u00e7in ge\u00e7erlidir, sonraki y\u0131llarda yaln\u0131zca sunucu yenileme \u00fccreti vard\u0131r.","breadcrumb":{"@id":"https:\/\/barcag.com\/online\/urun\/yedek-parca-online-satis-e-ticaret-sitesi-yazilimi\/#breadcrumb"},"inLanguage":"tr","potentialAction":[{"@type":"ReadAction","target":["https:\/\/barcag.com\/online\/urun\/yedek-parca-online-satis-e-ticaret-sitesi-yazilimi\/"]}]},{"@type":"ImageObject","inLanguage":"tr","@id":"https:\/\/barcag.com\/online\/urun\/yedek-parca-online-satis-e-ticaret-sitesi-yazilimi\/#primaryimage","url":"https:\/\/barcag.com\/online\/wp-content\/uploads\/2021\/06\/e-ticaret-web-sitesi.jpg","contentUrl":"https:\/\/barcag.com\/online\/wp-content\/uploads\/2021\/06\/e-ticaret-web-sitesi.jpg","width":1366,"height":768,"caption":"E-Ticaret Paketleri"},{"@type":"BreadcrumbList","@id":"https:\/\/barcag.com\/online\/urun\/yedek-parca-online-satis-e-ticaret-sitesi-yazilimi\/#breadcrumb","itemListElement":[{"@type":"ListItem","position":1,"name":"Anasayfa","item":"https:\/\/barcag.com\/online\/"},{"@type":"ListItem","position":2,"name":"Hizmetler","item":"https:\/\/barcag.com\/online\/magaza\/"},{"@type":"ListItem","position":3,"name":"Yaz\u0131l\u0131m","item":"https:\/\/barcag.com\/online\/yazilim\/"},{"@type":"ListItem","position":4,"name":"E-Ticaret","item":"https:\/\/barcag.com\/online\/urun-kategori\/yazilim\/e-ticaret\/"},{"@type":"ListItem","position":5,"name":"Yedek Par\u00e7a Online Sat\u0131\u015f E-Ticaret Sitesi Yaz\u0131l\u0131m\u0131"}]},{"@type":"WebSite","@id":"https:\/\/barcag.com\/online\/#website","url":"https:\/\/barcag.com\/online\/","name":"Bar\u00e7a\u011f Yaz\u0131l\u0131m","description":"Online","publisher":{"@id":"https:\/\/barcag.com\/online\/#organization"},"potentialAction":[{"@type":"SearchAction","target":{"@type":"EntryPoint","urlTemplate":"https:\/\/barcag.com\/online\/?s={search_term_string}"},"query-input":{"@type":"PropertyValueSpecification","valueRequired":true,"valueName":"search_term_string"}}],"inLanguage":"tr"},{"@type":"Organization","@id":"https:\/\/barcag.com\/online\/#organization","name":"Bar\u00e7a\u011f Yaz\u0131l\u0131m","url":"https:\/\/barcag.com\/online\/","logo":{"@type":"ImageObject","inLanguage":"tr","@id":"https:\/\/barcag.com\/online\/#\/schema\/logo\/image\/","url":"https:\/\/barcag.com\/online\/wp-content\/uploads\/2022\/03\/yenilogorenkli.svg","contentUrl":"https:\/\/barcag.com\/online\/wp-content\/uploads\/2022\/03\/yenilogorenkli.svg","width":1,"height":1,"caption":"Bar\u00e7a\u011f Yaz\u0131l\u0131m"},"image":{"@id":"https:\/\/barcag.com\/online\/#\/schema\/logo\/image\/"}}]}},"_links":{"self":[{"href":"https:\/\/barcag.com\/online\/wp-json\/wp\/v2\/product\/2578","targetHints":{"allow":["GET"]}}],"collection":[{"href":"https:\/\/barcag.com\/online\/wp-json\/wp\/v2\/product"}],"about":[{"href":"https:\/\/barcag.com\/online\/wp-json\/wp\/v2\/types\/product"}],"wp:featuredmedia":[{"embeddable":true,"href":"https:\/\/barcag.com\/online\/wp-json\/wp\/v2\/media\/213"}],"wp:attachment":[{"href":"https:\/\/barcag.com\/online\/wp-json\/wp\/v2\/media?parent=2578"}],"wp:term":[{"taxonomy":"product_brand","embeddable":true,"href":"https:\/\/barcag.com\/online\/wp-json\/wp\/v2\/product_brand?post=2578"},{"taxonomy":"product_cat","embeddable":true,"href":"https:\/\/barcag.com\/online\/wp-json\/wp\/v2\/product_cat?post=2578"},{"taxonomy":"product_tag","embeddable":true,"href":"https:\/\/barcag.com\/online\/wp-json\/wp\/v2\/product_tag?post=2578"}],"curies":[{"name":"wp","href":"https:\/\/api.w.org\/{rel}","templated":true}]}}