{"id":2931,"date":"2025-12-01T12:49:40","date_gmt":"2025-12-01T09:49:40","guid":{"rendered":"https:\/\/barcag.com\/online\/?post_type=product&#038;p=2931"},"modified":"2025-12-06T15:40:44","modified_gmt":"2025-12-06T12:40:44","slug":"woocommerce-fiyat-gizleme-eklentisi","status":"publish","type":"product","link":"https:\/\/barcag.com\/online\/urun\/woocommerce-fiyat-gizleme-eklentisi\/","title":{"rendered":"WooCommerce Fiyat Gizleme Eklentisi"},"content":{"rendered":"<h2>WooCommerce Fiyat Gizleme Eklentisi<\/h2>\n<p><strong>Bar\u00e7a\u011f yaz\u0131l\u0131m<\/strong> taraf\u0131ndan geli\u015ftirilen <a href=\"https:\/\/barcag.com\/online\/urun-kategori\/woocommerce\/\">Woocommerce<\/a> alt yap\u0131l\u0131 <a href=\"https:\/\/barcag.com\/online\/urun-kategori\/yazilim\/kurumsal-web\/\">E-Ticaret<\/a> siteleri i\u00e7in<strong> Fiyat Gizleme<\/strong> eklentisidir, <a href=\"https:\/\/barcag.com\/woocommerce-nedir-ne-ise-yarar\/\"><strong>WooCommerce<\/strong> <\/a>panele entegre olarak \u00e7al\u0131\u015fmaktad\u0131r, panel \u00fczerinden gerekli t\u00fcm ayarlar yap\u0131lmaktad\u0131r, bu eklenti sayesinde, <strong>giri\u015f yapmam\u0131\u015f ziyaret\u00e7iler i\u00e7in \u00fcr\u00fcn fiyatlar\u0131n\u0131 ve sepete ekle butonunu gizleyen<\/strong>, bunun yerine <strong>kullan\u0131c\u0131y\u0131 giri\u015f veya kay\u0131t sayfas\u0131na y\u00f6nlendiren<\/strong> pratik bir \u00e7\u00f6z\u00fcm sunar. Bayilerle \u00e7al\u0131\u015fan, fiyatlar\u0131 sadece \u00fcyelerine g\u00f6stermek isteyen ya da \u00fcyelik sistemiyle \u00e7al\u0131\u015fan e-ticaret siteleri i\u00e7in idealdir. Bkz. <a href=\"https:\/\/barcag.com\/woocommerce-nedir-ne-ise-yarar\/\">WooCommerce Nedir? Ne \u0130\u015fe Yarar?<\/a><\/p>\n<h2>Y\u00f6netim Paneli ve Ayarlar<\/h2>\n<p><img loading=\"lazy\" decoding=\"async\" class=\"wp-image-2934 size-full\" style=\"color: #333333; font-size: 14.4px;\" src=\"http:\/\/barcag.com\/online\/wp-content\/uploads\/2025\/12\/woocommerce-fiyat-gizleme.png\" alt=\"WooCommerce Fiyat Gizleme Eklentisi\" width=\"1742\" height=\"739\" srcset=\"https:\/\/barcag.com\/online\/wp-content\/uploads\/2025\/12\/woocommerce-fiyat-gizleme.png 1742w, https:\/\/barcag.com\/online\/wp-content\/uploads\/2025\/12\/woocommerce-fiyat-gizleme-300x127.png 300w, https:\/\/barcag.com\/online\/wp-content\/uploads\/2025\/12\/woocommerce-fiyat-gizleme-1024x434.png 1024w, https:\/\/barcag.com\/online\/wp-content\/uploads\/2025\/12\/woocommerce-fiyat-gizleme-768x326.png 768w, https:\/\/barcag.com\/online\/wp-content\/uploads\/2025\/12\/woocommerce-fiyat-gizleme-1536x652.png 1536w, https:\/\/barcag.com\/online\/wp-content\/uploads\/2025\/12\/woocommerce-fiyat-gizleme-1000x424.png 1000w\" sizes=\"auto, (max-width: 1742px) 100vw, 1742px\" \/><br \/>\nEklenti, WordPress y\u00f6netim panelinizde <strong>WooCommerce ayarlar\u0131 alt\u0131nda \u00f6zel bir ayar sayfas\u0131<\/strong> ile gelir. <code>WooCommerce &gt; Woo Fiyat Gizleme<\/code> panel \u00fczerinden, teknik bilgi gerekmeden birka\u00e7 t\u0131klama ile eklentiyi y\u00f6netebilirsiniz.<\/p>\n<p>Panelde yer alan temel ayarlar:<\/p>\n<ol>\n<li><strong> Eklentiyi Aktif \/ Pasif Etme<\/strong><\/li>\n<\/ol>\n<ul>\n<li><strong>Tek t\u0131kla a\u00e7 \/ kapat:<\/strong> Eklentiyi diledi\u011finiz zaman aktif hale getirebilir veya devre d\u0131\u015f\u0131 b\u0131rakabilirsiniz.<\/li>\n<li>Test s\u00fcrecinde veya kampanya d\u00f6nemlerinde fiyatlar\u0131 tekrar g\u00f6r\u00fcn\u00fcr yapmak i\u00e7in ekstra i\u015flem yapman\u0131za gerek yoktur.<\/li>\n<\/ul>\n<ol start=\"2\">\n<li><strong> Fiyat Yerine G\u00f6sterilecek Mesaj<\/strong><\/li>\n<\/ol>\n<p>Giri\u015f yapmam\u0131\u015f kullan\u0131c\u0131lar i\u00e7in <strong>fiyat alan\u0131 tamamen gizlenir<\/strong> ve yerine panelden belirledi\u011finiz \u00f6zel bir mesaj g\u00f6sterilir.<\/p>\n<p>\u00d6rne\u011fin:<\/p>\n<p>\u201cFiyatlar\u0131 g\u00f6rebilmek i\u00e7in l\u00fctfen <strong>giri\u015f yap\u0131n<\/strong> veya <strong>\u00fcye olun<\/strong>.\u201d<\/p>\n<p>Bu mesaj\u0131n i\u00e7eri\u011fini panelden diledi\u011finiz gibi d\u00fczenleyebilirsiniz. Mesaj i\u00e7inde giri\u015f ve kay\u0131t ba\u011flant\u0131lar\u0131 da g\u00f6sterebilirsiniz.<\/p>\n<h2>Giri\u015f ve Kay\u0131t URL Alanlar\u0131<\/h2>\n<p>Eklenti, fiyatlar yerine g\u00f6sterilecek mesaj i\u00e7inde kullan\u0131lmak \u00fczere, <strong>\u00f6zel giri\u015f ve kay\u0131t linkleri tan\u0131mlaman\u0131za<\/strong> olanak tan\u0131r.<\/p>\n<p>Panelde:<\/p>\n<ul>\n<li><strong>Giri\u015f URL\u2019si<\/strong> alan\u0131<\/li>\n<li><strong>Kay\u0131t (\u00dcyelik) URL\u2019si<\/strong> alan\u0131<\/li>\n<\/ul>\n<p>bulunur. Buraya, sitenizde kulland\u0131\u011f\u0131n\u0131z login ve register sayfalar\u0131n\u0131n URL\u2019lerini girebilirsiniz.<\/p>\n<p>\u00d6rne\u011fin:<\/p>\n<ul>\n<li>\/giris<\/li>\n<li>\/uye-ol<\/li>\n<li>\u00d6zel bir \u00fcyelik eklentisi kullan\u0131yorsan\u0131z, o eklentinin olu\u015fturdu\u011fu \u00f6zel sayfa linkleri<\/li>\n<\/ul>\n<p>Bu sayede mesaj i\u00e7inde \u015fu tarz bir yap\u0131 kullanabilirsiniz:<\/p>\n<p>\u201cFiyatlar\u0131 g\u00f6rebilmek i\u00e7in l\u00fctfen Giri\u015f Yap\u0131n veya \u00dcye Olun.\u201d<\/p>\n<p>(Bu linkler eklentinin yerle\u015ftirdi\u011fi dinamik alanlarla otomatik doldurulabilir.)<\/p>\n<h2>Sepete Ekle Butonunu Gizleme ve Y\u00f6nlendirme<\/h2>\n<p>Eklenti, sadece fiyat\u0131 gizlemekle kalmaz, <strong>\u201cSepete Ekle\u201d butonunu da misafir kullan\u0131c\u0131lar i\u00e7in devre d\u0131\u015f\u0131 b\u0131rak\u0131r.<\/strong><\/p>\n<ul>\n<li>\u00dcr\u00fcn listeleme (shop) sayfas\u0131nda ve tekil \u00fcr\u00fcn sayfas\u0131nda <strong>Sepete Ekle<\/strong> butonu g\u00f6r\u00fcnmez.<\/li>\n<li>Dilerseniz, butonun tamamen kald\u0131r\u0131lmas\u0131 yerine, <strong>\u201cGiri\u015f Yap\u201d veya \u201c\u00dcye Ol\u201d yazan bir y\u00f6nlendirme butonu<\/strong> olarak \u00e7al\u0131\u015fmas\u0131n\u0131 sa\u011flayabilirsiniz (kurgunuza g\u00f6re metin ve link yap\u0131land\u0131r\u0131labilir).<\/li>\n<\/ul>\n<p>B\u00f6ylece misafir kullan\u0131c\u0131, \u00fcr\u00fcn\u00fc sepete atmaya \u00e7al\u0131\u015fmak yerine:<\/p>\n<ul>\n<li>Giri\u015f sayfas\u0131na,<\/li>\n<li>Kay\u0131t sayfas\u0131na,<\/li>\n<li>Veya sizin belirledi\u011finiz \u00f6zel bir sayfaya y\u00f6nlendirilir.<\/li>\n<\/ul>\n<h2>\u00d6zel Giri\u015f ve Kay\u0131t Sayfalar\u0131 ile Uyumlu \u00c7al\u0131\u015fma<\/h2>\n<p>Sitenizde WooCommerce\u2019in varsay\u0131lan \u201cHesab\u0131m\u201d sayfas\u0131n\u0131 kullanmak zorunda de\u011filsiniz. Eklenti, <strong>\u00f6zel tasarlanm\u0131\u015f giri\u015f\/kay\u0131t sayfalar\u0131n\u0131z\u0131 da destekler.<\/strong><\/p>\n<p>Paneldeki \u201cGiri\u015f URL\u201d ve \u201cKay\u0131t URL\u201d alanlar\u0131na:<\/p>\n<ul>\n<li>Kendi haz\u0131rlad\u0131\u011f\u0131n\u0131z \u00f6zel giri\u015f sayfas\u0131n\u0131,<\/li>\n<li>\u00dcyelik eklentisiyle olu\u015fturdu\u011funuz sayfalar\u0131,<\/li>\n<li>Veya farkl\u0131 bir domain\/path alt\u0131nda bulunan \u00f6zel login ekranlar\u0131n\u0131z\u0131<\/li>\n<\/ul>\n<p>rahatl\u0131kla ekleyebilirsiniz. Eklenti, bu URL\u2019leri mesajlar ve y\u00f6nlendirmeler i\u00e7inde kullan\u0131r.<\/p>\n<h3>Kimler \u0130\u00e7in Uygun?<\/h3>\n<p>Bu eklenti \u00f6zellikle a\u015fa\u011f\u0131daki kullan\u0131m senaryolar\u0131 i\u00e7in uygundur:<\/p>\n<ul>\n<li><strong>Bayi \/ toptan sat\u0131\u015f siteleri:<\/strong> Fiyatlar sadece onayl\u0131 \u00fcyelere g\u00f6sterilir.<\/li>\n<li><strong>\u00dcyelik gerektiren hizmet \/ \u00fcr\u00fcn siteleri:<\/strong> \u201c\u00dcye olmadan fiyat yok\u201d mant\u0131\u011f\u0131yla \u00e7al\u0131\u015fan yap\u0131lar.<\/li>\n<li><strong>Kampanya ve \u00f6zel gruplar:<\/strong> Fiyatlar\u0131 sadece belirli kullan\u0131c\u0131 rollerine a\u00e7an modeller (bu k\u0131s\u0131m ihtiya\u00e7 halinde rollerle geni\u015fletilebilir).<\/li>\n<\/ul>\n<h3>Avantajlar\u0131<\/h3>\n<ul>\n<li><strong>Kolay kullan\u0131m:<\/strong> Kod yazmadan panel \u00fczerinden tam kontrol.<\/li>\n<li><strong>Esnek yap\u0131:<\/strong> Mesaj i\u00e7eri\u011fini, buton davran\u0131\u015f\u0131n\u0131, giri\u015f\/kay\u0131t linklerini kendiniz belirleyebilirsiniz.<\/li>\n<li><strong>\u00dcyeli\u011fi te\u015fvik eder:<\/strong> Misafir ziyaret\u00e7ileri \u00fcyeli\u011fe ve giri\u015f yapmaya y\u00f6nlendirir.<\/li>\n<li><strong>Profesyonel g\u00f6r\u00fcn\u00fcm:<\/strong> Fiyat gizleme i\u015flemleri \u015f\u0131k bir mesajla sunulur, bozuk tasar\u0131m g\u00f6r\u00fcnt\u00fcs\u00fc olu\u015fmaz.<\/li>\n<\/ul>\n<p><strong>\u0130lginizi \u00c7ekebilir<\/strong><\/p>\n<ul>\n<li><a href=\"https:\/\/barcag.com\/woocommerce-nedir-ne-ise-yarar\/\">WooCommerce Nedir? Ne \u0130\u015fe Yarar?<\/a><\/li>\n<li><a href=\"https:\/\/barcag.com\/e-ticaret-nedir-nasil-yapilir\/\">E-Ticaret Nedir? Nas\u0131l Yap\u0131l\u0131r?<\/a><\/li>\n<li><a href=\"https:\/\/barcag.com\/e-ticaret-sitesi-kurmak\/\">E-Ticaret Sitesi Kurmak \u0130\u00e7in Gerekenler<\/a><\/li>\n<li><a href=\"https:\/\/barcag.com\/woocommerce-havale-eft-indirim-otomatik-uygulama\/\">WooCommerce Havale \/ EFT \u0130ndirim Otomatik Uygulama<\/a><\/li>\n<li><a href=\"https:\/\/barcag.com\/woocommerce-sepete-ekle-kaldir-degistir\/\">WooCommerce Sepete Ekle Kald\u0131rma \/ De\u011fi\u015ftirme<\/a><\/li>\n<li><a href=\"https:\/\/barcag.com\/flatsome-tema-nedir-en-iyi-e-ticaret-deneyimi\/\">En \u0130yi E-Ticaret Temas\u0131 Hangisi?<\/a><\/li>\n<li><a href=\"https:\/\/barcag.com\/wordpress-icerik-koruma-kopyalama-ve-sag-tik-engelleme\/\">WordPress \u0130\u00e7erik Koruma, Kopyalama ve Sa\u011f T\u0131k Engelleme<\/a><\/li>\n<\/ul>\n","protected":false},"excerpt":{"rendered":"<p><strong>Bar\u00e7a\u011f yaz\u0131l\u0131m<\/strong> taraf\u0131ndan geli\u015ftirilen <a href=\"https:\/\/barcag.com\/online\/urun-kategori\/woocommerce\/\">Woocommerce<\/a> alt yap\u0131l\u0131 <a href=\"https:\/\/barcag.com\/online\/urun-kategori\/yazilim\/kurumsal-web\/\">E-Ticaret<\/a> siteleri i\u00e7in<strong> Fiyat Gizleme<\/strong> eklentisidir, <strong>WooCommerce<\/strong> panele entegre olarak \u00e7al\u0131\u015fmaktad\u0131r, panel \u00fczerinden gerekli t\u00fcm ayarlar yap\u0131lmaktad\u0131r, bu eklenti sayesinde, <strong>giri\u015f yapmam\u0131\u015f ziyaret\u00e7iler i\u00e7in \u00fcr\u00fcn fiyatlar\u0131n\u0131 ve sepete ekle butonunu gizleyen<\/strong>, bunun yerine <strong>kullan\u0131c\u0131y\u0131 giri\u015f veya kay\u0131t sayfas\u0131na y\u00f6nlendiren<\/strong> pratik bir \u00e7\u00f6z\u00fcm sunar. Bayilerle \u00e7al\u0131\u015fan, fiyatlar\u0131 sadece \u00fcyelerine g\u00f6stermek isteyen ya da \u00fcyelik sistemiyle \u00e7al\u0131\u015fan e-ticaret siteleri i\u00e7in idealdir.<\/p>\n","protected":false},"featured_media":2935,"template":"","meta":{"inline_featured_image":false,"_joinchat":[]},"product_brand":[],"product_cat":[44],"product_tag":[],"class_list":{"0":"post-2931","1":"product","2":"type-product","3":"status-publish","4":"has-post-thumbnail","6":"product_cat-woocommerce","8":"first","9":"instock","10":"taxable","11":"shipping-taxable","12":"product-type-external"},"yoast_head":"<!-- This site is optimized with the Yoast SEO plugin v26.7 - https:\/\/yoast.com\/wordpress\/plugins\/seo\/ -->\n<title>WooCommerce Fiyat Gizleme Eklentisi - Bar\u00e7a\u011f Yaz\u0131l\u0131m<\/title>\n<meta name=\"description\" content=\"Bar\u00e7a\u011f yaz\u0131l\u0131m taraf\u0131ndan geli\u015ftirilen Woocommerce alt yap\u0131l\u0131 E-Ticaret siteleri i\u00e7in Fiyat Gizleme eklentisidir, WooCommerce panele entegre olarak \u00e7al\u0131\u015fmaktad\u0131r, panel \u00fczerinden gerekli t\u00fcm ayarlar yap\u0131lmaktad\u0131r, bu eklenti sayesinde, giri\u015f yapmam\u0131\u015f ziyaret\u00e7iler i\u00e7in \u00fcr\u00fcn fiyatlar\u0131n\u0131 ve sepete ekle butonunu gizleyen, bunun yerine kullan\u0131c\u0131y\u0131 giri\u015f veya kay\u0131t sayfas\u0131na y\u00f6nlendiren pratik bir \u00e7\u00f6z\u00fcm sunar. Bayilerle \u00e7al\u0131\u015fan, fiyatlar\u0131 sadece \u00fcyelerine g\u00f6stermek isteyen ya da \u00fcyelik sistemiyle \u00e7al\u0131\u015fan e-ticaret siteleri i\u00e7in idealdir.\" \/>\n<meta name=\"robots\" content=\"index, follow, max-snippet:-1, max-image-preview:large, max-video-preview:-1\" \/>\n<link rel=\"canonical\" href=\"https:\/\/barcag.com\/online\/urun\/woocommerce-fiyat-gizleme-eklentisi\/\" \/>\n<meta property=\"og:locale\" content=\"tr_TR\" \/>\n<meta property=\"og:type\" content=\"article\" \/>\n<meta property=\"og:title\" content=\"WooCommerce Fiyat Gizleme Eklentisi - Bar\u00e7a\u011f Yaz\u0131l\u0131m\" \/>\n<meta property=\"og:description\" content=\"Bar\u00e7a\u011f yaz\u0131l\u0131m taraf\u0131ndan geli\u015ftirilen Woocommerce alt yap\u0131l\u0131 E-Ticaret siteleri i\u00e7in Fiyat Gizleme eklentisidir, WooCommerce panele entegre olarak \u00e7al\u0131\u015fmaktad\u0131r, panel \u00fczerinden gerekli t\u00fcm ayarlar yap\u0131lmaktad\u0131r, bu eklenti sayesinde, giri\u015f yapmam\u0131\u015f ziyaret\u00e7iler i\u00e7in \u00fcr\u00fcn fiyatlar\u0131n\u0131 ve sepete ekle butonunu gizleyen, bunun yerine kullan\u0131c\u0131y\u0131 giri\u015f veya kay\u0131t sayfas\u0131na y\u00f6nlendiren pratik bir \u00e7\u00f6z\u00fcm sunar. Bayilerle \u00e7al\u0131\u015fan, fiyatlar\u0131 sadece \u00fcyelerine g\u00f6stermek isteyen ya da \u00fcyelik sistemiyle \u00e7al\u0131\u015fan e-ticaret siteleri i\u00e7in idealdir.\" \/>\n<meta property=\"og:url\" content=\"https:\/\/barcag.com\/online\/urun\/woocommerce-fiyat-gizleme-eklentisi\/\" \/>\n<meta property=\"og:site_name\" content=\"Bar\u00e7a\u011f Yaz\u0131l\u0131m\" \/>\n<meta property=\"article:modified_time\" content=\"2025-12-06T12:40:44+00:00\" \/>\n<meta property=\"og:image\" content=\"http:\/\/barcag.com\/online\/wp-content\/uploads\/2025\/12\/WooCommerce-Fiyat-Gizleme-Eklentisi-1.webp\" \/>\n\t<meta property=\"og:image:width\" content=\"1000\" \/>\n\t<meta property=\"og:image:height\" content=\"1000\" \/>\n\t<meta property=\"og:image:type\" content=\"image\/webp\" \/>\n<meta name=\"twitter:card\" content=\"summary_large_image\" \/>\n<meta name=\"twitter:label1\" content=\"Tahmini okuma s\u00fcresi\" \/>\n\t<meta name=\"twitter:data1\" content=\"4 dakika\" \/>\n<script type=\"application\/ld+json\" class=\"yoast-schema-graph\">{\"@context\":\"https:\/\/schema.org\",\"@graph\":[{\"@type\":\"WebPage\",\"@id\":\"https:\/\/barcag.com\/online\/urun\/woocommerce-fiyat-gizleme-eklentisi\/\",\"url\":\"https:\/\/barcag.com\/online\/urun\/woocommerce-fiyat-gizleme-eklentisi\/\",\"name\":\"WooCommerce Fiyat Gizleme Eklentisi - Bar\u00e7a\u011f Yaz\u0131l\u0131m\",\"isPartOf\":{\"@id\":\"https:\/\/barcag.com\/online\/#website\"},\"primaryImageOfPage\":{\"@id\":\"https:\/\/barcag.com\/online\/urun\/woocommerce-fiyat-gizleme-eklentisi\/#primaryimage\"},\"image\":{\"@id\":\"https:\/\/barcag.com\/online\/urun\/woocommerce-fiyat-gizleme-eklentisi\/#primaryimage\"},\"thumbnailUrl\":\"https:\/\/barcag.com\/online\/wp-content\/uploads\/2025\/12\/WooCommerce-Fiyat-Gizleme-Eklentisi-1.webp\",\"datePublished\":\"2025-12-01T09:49:40+00:00\",\"dateModified\":\"2025-12-06T12:40:44+00:00\",\"description\":\"Bar\u00e7a\u011f yaz\u0131l\u0131m taraf\u0131ndan geli\u015ftirilen Woocommerce alt yap\u0131l\u0131 E-Ticaret siteleri i\u00e7in Fiyat Gizleme eklentisidir, WooCommerce panele entegre olarak \u00e7al\u0131\u015fmaktad\u0131r, panel \u00fczerinden gerekli t\u00fcm ayarlar yap\u0131lmaktad\u0131r, bu eklenti sayesinde, giri\u015f yapmam\u0131\u015f ziyaret\u00e7iler i\u00e7in \u00fcr\u00fcn fiyatlar\u0131n\u0131 ve sepete ekle butonunu gizleyen, bunun yerine kullan\u0131c\u0131y\u0131 giri\u015f veya kay\u0131t sayfas\u0131na y\u00f6nlendiren pratik bir \u00e7\u00f6z\u00fcm sunar. Bayilerle \u00e7al\u0131\u015fan, fiyatlar\u0131 sadece \u00fcyelerine g\u00f6stermek isteyen ya da \u00fcyelik sistemiyle \u00e7al\u0131\u015fan e-ticaret siteleri i\u00e7in idealdir.\",\"breadcrumb\":{\"@id\":\"https:\/\/barcag.com\/online\/urun\/woocommerce-fiyat-gizleme-eklentisi\/#breadcrumb\"},\"inLanguage\":\"tr\",\"potentialAction\":[{\"@type\":\"ReadAction\",\"target\":[\"https:\/\/barcag.com\/online\/urun\/woocommerce-fiyat-gizleme-eklentisi\/\"]}]},{\"@type\":\"ImageObject\",\"inLanguage\":\"tr\",\"@id\":\"https:\/\/barcag.com\/online\/urun\/woocommerce-fiyat-gizleme-eklentisi\/#primaryimage\",\"url\":\"https:\/\/barcag.com\/online\/wp-content\/uploads\/2025\/12\/WooCommerce-Fiyat-Gizleme-Eklentisi-1.webp\",\"contentUrl\":\"https:\/\/barcag.com\/online\/wp-content\/uploads\/2025\/12\/WooCommerce-Fiyat-Gizleme-Eklentisi-1.webp\",\"width\":1000,\"height\":1000},{\"@type\":\"BreadcrumbList\",\"@id\":\"https:\/\/barcag.com\/online\/urun\/woocommerce-fiyat-gizleme-eklentisi\/#breadcrumb\",\"itemListElement\":[{\"@type\":\"ListItem\",\"position\":1,\"name\":\"Anasayfa\",\"item\":\"https:\/\/barcag.com\/online\/\"},{\"@type\":\"ListItem\",\"position\":2,\"name\":\"Hizmetler\",\"item\":\"https:\/\/barcag.com\/online\/magaza\/\"},{\"@type\":\"ListItem\",\"position\":3,\"name\":\"WooCommerce\",\"item\":\"https:\/\/barcag.com\/online\/urun-kategori\/woocommerce\/\"},{\"@type\":\"ListItem\",\"position\":4,\"name\":\"WooCommerce Fiyat Gizleme Eklentisi\"}]},{\"@type\":\"WebSite\",\"@id\":\"https:\/\/barcag.com\/online\/#website\",\"url\":\"https:\/\/barcag.com\/online\/\",\"name\":\"Bar\u00e7a\u011f Yaz\u0131l\u0131m\",\"description\":\"Online\",\"publisher\":{\"@id\":\"https:\/\/barcag.com\/online\/#organization\"},\"potentialAction\":[{\"@type\":\"SearchAction\",\"target\":{\"@type\":\"EntryPoint\",\"urlTemplate\":\"https:\/\/barcag.com\/online\/?s={search_term_string}\"},\"query-input\":{\"@type\":\"PropertyValueSpecification\",\"valueRequired\":true,\"valueName\":\"search_term_string\"}}],\"inLanguage\":\"tr\"},{\"@type\":\"Organization\",\"@id\":\"https:\/\/barcag.com\/online\/#organization\",\"name\":\"Bar\u00e7a\u011f Yaz\u0131l\u0131m\",\"url\":\"https:\/\/barcag.com\/online\/\",\"logo\":{\"@type\":\"ImageObject\",\"inLanguage\":\"tr\",\"@id\":\"https:\/\/barcag.com\/online\/#\/schema\/logo\/image\/\",\"url\":\"https:\/\/barcag.com\/online\/wp-content\/uploads\/2022\/03\/yenilogorenkli.svg\",\"contentUrl\":\"https:\/\/barcag.com\/online\/wp-content\/uploads\/2022\/03\/yenilogorenkli.svg\",\"width\":1,\"height\":1,\"caption\":\"Bar\u00e7a\u011f Yaz\u0131l\u0131m\"},\"image\":{\"@id\":\"https:\/\/barcag.com\/online\/#\/schema\/logo\/image\/\"}}]}<\/script>\n<!-- \/ Yoast SEO plugin. -->","yoast_head_json":{"title":"WooCommerce Fiyat Gizleme Eklentisi - Bar\u00e7a\u011f Yaz\u0131l\u0131m","description":"Bar\u00e7a\u011f yaz\u0131l\u0131m taraf\u0131ndan geli\u015ftirilen Woocommerce alt yap\u0131l\u0131 E-Ticaret siteleri i\u00e7in Fiyat Gizleme eklentisidir, WooCommerce panele entegre olarak \u00e7al\u0131\u015fmaktad\u0131r, panel \u00fczerinden gerekli t\u00fcm ayarlar yap\u0131lmaktad\u0131r, bu eklenti sayesinde, giri\u015f yapmam\u0131\u015f ziyaret\u00e7iler i\u00e7in \u00fcr\u00fcn fiyatlar\u0131n\u0131 ve sepete ekle butonunu gizleyen, bunun yerine kullan\u0131c\u0131y\u0131 giri\u015f veya kay\u0131t sayfas\u0131na y\u00f6nlendiren pratik bir \u00e7\u00f6z\u00fcm sunar. Bayilerle \u00e7al\u0131\u015fan, fiyatlar\u0131 sadece \u00fcyelerine g\u00f6stermek isteyen ya da \u00fcyelik sistemiyle \u00e7al\u0131\u015fan e-ticaret siteleri i\u00e7in idealdir.","robots":{"index":"index","follow":"follow","max-snippet":"max-snippet:-1","max-image-preview":"max-image-preview:large","max-video-preview":"max-video-preview:-1"},"canonical":"https:\/\/barcag.com\/online\/urun\/woocommerce-fiyat-gizleme-eklentisi\/","og_locale":"tr_TR","og_type":"article","og_title":"WooCommerce Fiyat Gizleme Eklentisi - Bar\u00e7a\u011f Yaz\u0131l\u0131m","og_description":"Bar\u00e7a\u011f yaz\u0131l\u0131m taraf\u0131ndan geli\u015ftirilen Woocommerce alt yap\u0131l\u0131 E-Ticaret siteleri i\u00e7in Fiyat Gizleme eklentisidir, WooCommerce panele entegre olarak \u00e7al\u0131\u015fmaktad\u0131r, panel \u00fczerinden gerekli t\u00fcm ayarlar yap\u0131lmaktad\u0131r, bu eklenti sayesinde, giri\u015f yapmam\u0131\u015f ziyaret\u00e7iler i\u00e7in \u00fcr\u00fcn fiyatlar\u0131n\u0131 ve sepete ekle butonunu gizleyen, bunun yerine kullan\u0131c\u0131y\u0131 giri\u015f veya kay\u0131t sayfas\u0131na y\u00f6nlendiren pratik bir \u00e7\u00f6z\u00fcm sunar. Bayilerle \u00e7al\u0131\u015fan, fiyatlar\u0131 sadece \u00fcyelerine g\u00f6stermek isteyen ya da \u00fcyelik sistemiyle \u00e7al\u0131\u015fan e-ticaret siteleri i\u00e7in idealdir.","og_url":"https:\/\/barcag.com\/online\/urun\/woocommerce-fiyat-gizleme-eklentisi\/","og_site_name":"Bar\u00e7a\u011f Yaz\u0131l\u0131m","article_modified_time":"2025-12-06T12:40:44+00:00","og_image":[{"width":1000,"height":1000,"url":"http:\/\/barcag.com\/online\/wp-content\/uploads\/2025\/12\/WooCommerce-Fiyat-Gizleme-Eklentisi-1.webp","type":"image\/webp"}],"twitter_card":"summary_large_image","twitter_misc":{"Tahmini okuma s\u00fcresi":"4 dakika"},"schema":{"@context":"https:\/\/schema.org","@graph":[{"@type":"WebPage","@id":"https:\/\/barcag.com\/online\/urun\/woocommerce-fiyat-gizleme-eklentisi\/","url":"https:\/\/barcag.com\/online\/urun\/woocommerce-fiyat-gizleme-eklentisi\/","name":"WooCommerce Fiyat Gizleme Eklentisi - Bar\u00e7a\u011f Yaz\u0131l\u0131m","isPartOf":{"@id":"https:\/\/barcag.com\/online\/#website"},"primaryImageOfPage":{"@id":"https:\/\/barcag.com\/online\/urun\/woocommerce-fiyat-gizleme-eklentisi\/#primaryimage"},"image":{"@id":"https:\/\/barcag.com\/online\/urun\/woocommerce-fiyat-gizleme-eklentisi\/#primaryimage"},"thumbnailUrl":"https:\/\/barcag.com\/online\/wp-content\/uploads\/2025\/12\/WooCommerce-Fiyat-Gizleme-Eklentisi-1.webp","datePublished":"2025-12-01T09:49:40+00:00","dateModified":"2025-12-06T12:40:44+00:00","description":"Bar\u00e7a\u011f yaz\u0131l\u0131m taraf\u0131ndan geli\u015ftirilen Woocommerce alt yap\u0131l\u0131 E-Ticaret siteleri i\u00e7in Fiyat Gizleme eklentisidir, WooCommerce panele entegre olarak \u00e7al\u0131\u015fmaktad\u0131r, panel \u00fczerinden gerekli t\u00fcm ayarlar yap\u0131lmaktad\u0131r, bu eklenti sayesinde, giri\u015f yapmam\u0131\u015f ziyaret\u00e7iler i\u00e7in \u00fcr\u00fcn fiyatlar\u0131n\u0131 ve sepete ekle butonunu gizleyen, bunun yerine kullan\u0131c\u0131y\u0131 giri\u015f veya kay\u0131t sayfas\u0131na y\u00f6nlendiren pratik bir \u00e7\u00f6z\u00fcm sunar. Bayilerle \u00e7al\u0131\u015fan, fiyatlar\u0131 sadece \u00fcyelerine g\u00f6stermek isteyen ya da \u00fcyelik sistemiyle \u00e7al\u0131\u015fan e-ticaret siteleri i\u00e7in idealdir.","breadcrumb":{"@id":"https:\/\/barcag.com\/online\/urun\/woocommerce-fiyat-gizleme-eklentisi\/#breadcrumb"},"inLanguage":"tr","potentialAction":[{"@type":"ReadAction","target":["https:\/\/barcag.com\/online\/urun\/woocommerce-fiyat-gizleme-eklentisi\/"]}]},{"@type":"ImageObject","inLanguage":"tr","@id":"https:\/\/barcag.com\/online\/urun\/woocommerce-fiyat-gizleme-eklentisi\/#primaryimage","url":"https:\/\/barcag.com\/online\/wp-content\/uploads\/2025\/12\/WooCommerce-Fiyat-Gizleme-Eklentisi-1.webp","contentUrl":"https:\/\/barcag.com\/online\/wp-content\/uploads\/2025\/12\/WooCommerce-Fiyat-Gizleme-Eklentisi-1.webp","width":1000,"height":1000},{"@type":"BreadcrumbList","@id":"https:\/\/barcag.com\/online\/urun\/woocommerce-fiyat-gizleme-eklentisi\/#breadcrumb","itemListElement":[{"@type":"ListItem","position":1,"name":"Anasayfa","item":"https:\/\/barcag.com\/online\/"},{"@type":"ListItem","position":2,"name":"Hizmetler","item":"https:\/\/barcag.com\/online\/magaza\/"},{"@type":"ListItem","position":3,"name":"WooCommerce","item":"https:\/\/barcag.com\/online\/urun-kategori\/woocommerce\/"},{"@type":"ListItem","position":4,"name":"WooCommerce Fiyat Gizleme Eklentisi"}]},{"@type":"WebSite","@id":"https:\/\/barcag.com\/online\/#website","url":"https:\/\/barcag.com\/online\/","name":"Bar\u00e7a\u011f Yaz\u0131l\u0131m","description":"Online","publisher":{"@id":"https:\/\/barcag.com\/online\/#organization"},"potentialAction":[{"@type":"SearchAction","target":{"@type":"EntryPoint","urlTemplate":"https:\/\/barcag.com\/online\/?s={search_term_string}"},"query-input":{"@type":"PropertyValueSpecification","valueRequired":true,"valueName":"search_term_string"}}],"inLanguage":"tr"},{"@type":"Organization","@id":"https:\/\/barcag.com\/online\/#organization","name":"Bar\u00e7a\u011f Yaz\u0131l\u0131m","url":"https:\/\/barcag.com\/online\/","logo":{"@type":"ImageObject","inLanguage":"tr","@id":"https:\/\/barcag.com\/online\/#\/schema\/logo\/image\/","url":"https:\/\/barcag.com\/online\/wp-content\/uploads\/2022\/03\/yenilogorenkli.svg","contentUrl":"https:\/\/barcag.com\/online\/wp-content\/uploads\/2022\/03\/yenilogorenkli.svg","width":1,"height":1,"caption":"Bar\u00e7a\u011f Yaz\u0131l\u0131m"},"image":{"@id":"https:\/\/barcag.com\/online\/#\/schema\/logo\/image\/"}}]}},"_links":{"self":[{"href":"https:\/\/barcag.com\/online\/wp-json\/wp\/v2\/product\/2931","targetHints":{"allow":["GET"]}}],"collection":[{"href":"https:\/\/barcag.com\/online\/wp-json\/wp\/v2\/product"}],"about":[{"href":"https:\/\/barcag.com\/online\/wp-json\/wp\/v2\/types\/product"}],"wp:featuredmedia":[{"embeddable":true,"href":"https:\/\/barcag.com\/online\/wp-json\/wp\/v2\/media\/2935"}],"wp:attachment":[{"href":"https:\/\/barcag.com\/online\/wp-json\/wp\/v2\/media?parent=2931"}],"wp:term":[{"taxonomy":"product_brand","embeddable":true,"href":"https:\/\/barcag.com\/online\/wp-json\/wp\/v2\/product_brand?post=2931"},{"taxonomy":"product_cat","embeddable":true,"href":"https:\/\/barcag.com\/online\/wp-json\/wp\/v2\/product_cat?post=2931"},{"taxonomy":"product_tag","embeddable":true,"href":"https:\/\/barcag.com\/online\/wp-json\/wp\/v2\/product_tag?post=2931"}],"curies":[{"name":"wp","href":"https:\/\/api.w.org\/{rel}","templated":true}]}}