{"id":406,"date":"2021-06-10T17:34:14","date_gmt":"2021-06-10T14:34:14","guid":{"rendered":"https:\/\/barcag.com\/online\/?post_type=product&#038;p=406"},"modified":"2025-12-06T15:40:43","modified_gmt":"2025-12-06T12:40:43","slug":"wordpress-site-kurulumu-ve-ayarlari-egitim-dahil","status":"publish","type":"product","link":"https:\/\/barcag.com\/online\/urun\/wordpress-site-kurulumu-ve-ayarlari-egitim-dahil\/","title":{"rendered":"WordPress Site Kurulumu ve Ayarlar\u0131 (E\u011fitim Dahil)"},"content":{"rendered":"<p><strong>WordPress<\/strong> alt yap\u0131l\u0131 site kurulumu ve gerekli t\u00fcm ayarlar\u0131n\u0131n yap\u0131lmas\u0131.<\/p>\n<p>M\u00fc\u015fterinin talep sitenin <strong>WordPress<\/strong> kurulumu ve gerekli t\u00fcm ayarlar\u0131n\u0131n yap\u0131lmas\u0131,<\/p>\n<p>\u0130\u015flem talep edilmesi halinde <strong>ZOOM<\/strong> \u00fczerinden m\u00fc\u015fteri ile birlikte kurulacak olup i\u015flem sonras\u0131 i\u015flem ekran kayd\u0131 teslim edilecektir.<\/p>\n<p><strong>\u0130lginizi \u00c7ekebilir<\/strong><\/p>\n<ul>\n<li><a href=\"https:\/\/barcag.com\/woocommerce-nedir-ne-ise-yarar\/\">WooCommerce Nedir? Ne \u0130\u015fe Yarar?<\/a><\/li>\n<li><a href=\"https:\/\/barcag.com\/e-ticaret-nedir-nasil-yapilir\/\">E-Ticaret Nedir? Nas\u0131l Yap\u0131l\u0131r?<\/a><\/li>\n<li><a href=\"https:\/\/barcag.com\/e-ticaret-sitesi-kurmak\/\">E-Ticaret Sitesi Kurmak \u0130\u00e7in Gerekenler<\/a><\/li>\n<li><a href=\"https:\/\/barcag.com\/woocommerce-havale-eft-indirim-otomatik-uygulama\/\">WooCommerce Havale \/ EFT \u0130ndirim Otomatik Uygulama<\/a><\/li>\n<li><a href=\"https:\/\/barcag.com\/woocommerce-fiyat-gizleme\/\">WooCommerce Fiyat Gizleme<\/a><\/li>\n<li><a href=\"https:\/\/barcag.com\/woocommerce-sepete-ekle-kaldir-degistir\/\">WooCommerce Sepete Ekle Kald\u0131rma \/ De\u011fi\u015ftirme<\/a><\/li>\n<li><a href=\"https:\/\/barcag.com\/flatsome-tema-nedir-en-iyi-e-ticaret-deneyimi\/\">En \u0130yi E-Ticaret Temas\u0131 Hangisi?<\/a><\/li>\n<li><a href=\"https:\/\/barcag.com\/wordpress-icerik-koruma-kopyalama-ve-sag-tik-engelleme\/\">WordPress \u0130\u00e7erik Koruma, Kopyalama ve Sa\u011f T\u0131k Engelleme<\/a><\/li>\n<\/ul>\n","protected":false},"excerpt":{"rendered":"<p>Wordpress alt yap\u0131l\u0131 site kurulumu ve gerekli t\u00fcm ayarlar\u0131n\u0131n yap\u0131lmas\u0131.<\/p>\n<p>M\u00fc\u015fterinin talep sitenin Wordpress kurulumu ve gerekli t\u00fcm ayarlar\u0131n\u0131n yap\u0131lmas\u0131,<\/p>\n<p>\u0130\u015flem talep edilmesi halinde ZOOM \u00fczerinden m\u00fc\u015fteri ile birlikte kurulacak olup i\u015flem sonras\u0131 i\u015flem ekran kayd\u0131 teslim edilecektir.<\/p>\n","protected":false},"featured_media":412,"template":"","meta":{"inline_featured_image":false,"_joinchat":[]},"product_brand":[],"product_cat":[18,43],"product_tag":[],"class_list":{"0":"post-406","1":"product","2":"type-product","3":"status-publish","4":"has-post-thumbnail","6":"product_cat-hizmet","7":"product_cat-wordpress","9":"first","10":"instock","11":"taxable","12":"shipping-taxable","13":"product-type-external"},"yoast_head":"<!-- This site is optimized with the Yoast SEO plugin v26.7 - https:\/\/yoast.com\/wordpress\/plugins\/seo\/ -->\n<title>WordPress Site Kurulumu ve Ayarlar\u0131 (E\u011fitim Dahil) - Bar\u00e7a\u011f Yaz\u0131l\u0131m<\/title>\n<meta name=\"description\" content=\"Wordpress alt yap\u0131l\u0131 site kurulumu ve gerekli t\u00fcm ayarlar\u0131n\u0131n yap\u0131lmas\u0131.  M\u00fc\u015fterinin talep sitenin Wordpress kurulumu ve gerekli t\u00fcm ayarlar\u0131n\u0131n yap\u0131lmas\u0131,  \u0130\u015flem talep edilmesi halinde ZOOM \u00fczerinden m\u00fc\u015fteri ile birlikte kurulacak olup i\u015flem sonras\u0131 i\u015flem ekran kayd\u0131 teslim edilecektir.\" \/>\n<meta name=\"robots\" content=\"index, follow, max-snippet:-1, max-image-preview:large, max-video-preview:-1\" \/>\n<link rel=\"canonical\" href=\"https:\/\/barcag.com\/online\/urun\/wordpress-site-kurulumu-ve-ayarlari-egitim-dahil\/\" \/>\n<meta property=\"og:locale\" content=\"tr_TR\" \/>\n<meta property=\"og:type\" content=\"article\" \/>\n<meta property=\"og:title\" content=\"WordPress Site Kurulumu ve Ayarlar\u0131 (E\u011fitim Dahil) - Bar\u00e7a\u011f Yaz\u0131l\u0131m\" \/>\n<meta property=\"og:description\" content=\"Wordpress alt yap\u0131l\u0131 site kurulumu ve gerekli t\u00fcm ayarlar\u0131n\u0131n yap\u0131lmas\u0131.  M\u00fc\u015fterinin talep sitenin Wordpress kurulumu ve gerekli t\u00fcm ayarlar\u0131n\u0131n yap\u0131lmas\u0131,  \u0130\u015flem talep edilmesi halinde ZOOM \u00fczerinden m\u00fc\u015fteri ile birlikte kurulacak olup i\u015flem sonras\u0131 i\u015flem ekran kayd\u0131 teslim edilecektir.\" \/>\n<meta property=\"og:url\" content=\"https:\/\/barcag.com\/online\/urun\/wordpress-site-kurulumu-ve-ayarlari-egitim-dahil\/\" \/>\n<meta property=\"og:site_name\" content=\"Bar\u00e7a\u011f Yaz\u0131l\u0131m\" \/>\n<meta property=\"article:modified_time\" content=\"2025-12-06T12:40:43+00:00\" \/>\n<meta property=\"og:image\" content=\"http:\/\/barcag.com\/online\/wp-content\/uploads\/2021\/06\/Adsiz-tasarim-5.png\" \/>\n\t<meta property=\"og:image:width\" content=\"1366\" \/>\n\t<meta property=\"og:image:height\" content=\"768\" \/>\n\t<meta property=\"og:image:type\" content=\"image\/png\" \/>\n<meta name=\"twitter:card\" content=\"summary_large_image\" \/>\n<meta name=\"twitter:label1\" content=\"Tahmini okuma s\u00fcresi\" \/>\n\t<meta name=\"twitter:data1\" content=\"1 dakika\" \/>\n<script type=\"application\/ld+json\" class=\"yoast-schema-graph\">{\"@context\":\"https:\/\/schema.org\",\"@graph\":[{\"@type\":\"WebPage\",\"@id\":\"https:\/\/barcag.com\/online\/urun\/wordpress-site-kurulumu-ve-ayarlari-egitim-dahil\/\",\"url\":\"https:\/\/barcag.com\/online\/urun\/wordpress-site-kurulumu-ve-ayarlari-egitim-dahil\/\",\"name\":\"WordPress Site Kurulumu ve Ayarlar\u0131 (E\u011fitim Dahil) - Bar\u00e7a\u011f Yaz\u0131l\u0131m\",\"isPartOf\":{\"@id\":\"https:\/\/barcag.com\/online\/#website\"},\"primaryImageOfPage\":{\"@id\":\"https:\/\/barcag.com\/online\/urun\/wordpress-site-kurulumu-ve-ayarlari-egitim-dahil\/#primaryimage\"},\"image\":{\"@id\":\"https:\/\/barcag.com\/online\/urun\/wordpress-site-kurulumu-ve-ayarlari-egitim-dahil\/#primaryimage\"},\"thumbnailUrl\":\"https:\/\/barcag.com\/online\/wp-content\/uploads\/2021\/06\/Adsiz-tasarim-5.png\",\"datePublished\":\"2021-06-10T14:34:14+00:00\",\"dateModified\":\"2025-12-06T12:40:43+00:00\",\"description\":\"Wordpress alt yap\u0131l\u0131 site kurulumu ve gerekli t\u00fcm ayarlar\u0131n\u0131n yap\u0131lmas\u0131. M\u00fc\u015fterinin talep sitenin Wordpress kurulumu ve gerekli t\u00fcm ayarlar\u0131n\u0131n yap\u0131lmas\u0131, \u0130\u015flem talep edilmesi halinde ZOOM \u00fczerinden m\u00fc\u015fteri ile birlikte kurulacak olup i\u015flem sonras\u0131 i\u015flem ekran kayd\u0131 teslim edilecektir.\",\"breadcrumb\":{\"@id\":\"https:\/\/barcag.com\/online\/urun\/wordpress-site-kurulumu-ve-ayarlari-egitim-dahil\/#breadcrumb\"},\"inLanguage\":\"tr\",\"potentialAction\":[{\"@type\":\"ReadAction\",\"target\":[\"https:\/\/barcag.com\/online\/urun\/wordpress-site-kurulumu-ve-ayarlari-egitim-dahil\/\"]}]},{\"@type\":\"ImageObject\",\"inLanguage\":\"tr\",\"@id\":\"https:\/\/barcag.com\/online\/urun\/wordpress-site-kurulumu-ve-ayarlari-egitim-dahil\/#primaryimage\",\"url\":\"https:\/\/barcag.com\/online\/wp-content\/uploads\/2021\/06\/Adsiz-tasarim-5.png\",\"contentUrl\":\"https:\/\/barcag.com\/online\/wp-content\/uploads\/2021\/06\/Adsiz-tasarim-5.png\",\"width\":1366,\"height\":768,\"caption\":\"WordPress Site Kurulumu ve Ayarlar\u0131 (E\u011fitim Dahil)\"},{\"@type\":\"BreadcrumbList\",\"@id\":\"https:\/\/barcag.com\/online\/urun\/wordpress-site-kurulumu-ve-ayarlari-egitim-dahil\/#breadcrumb\",\"itemListElement\":[{\"@type\":\"ListItem\",\"position\":1,\"name\":\"Anasayfa\",\"item\":\"https:\/\/barcag.com\/online\/\"},{\"@type\":\"ListItem\",\"position\":2,\"name\":\"Hizmetler\",\"item\":\"https:\/\/barcag.com\/online\/magaza\/\"},{\"@type\":\"ListItem\",\"position\":3,\"name\":\"\u00d6zel \u00c7\u00f6z\u00fcmler\",\"item\":\"https:\/\/barcag.com\/online\/urun-kategori\/hizmet\/\"},{\"@type\":\"ListItem\",\"position\":4,\"name\":\"WordPress Site Kurulumu ve Ayarlar\u0131 (E\u011fitim Dahil)\"}]},{\"@type\":\"WebSite\",\"@id\":\"https:\/\/barcag.com\/online\/#website\",\"url\":\"https:\/\/barcag.com\/online\/\",\"name\":\"Bar\u00e7a\u011f Yaz\u0131l\u0131m\",\"description\":\"Online\",\"publisher\":{\"@id\":\"https:\/\/barcag.com\/online\/#organization\"},\"potentialAction\":[{\"@type\":\"SearchAction\",\"target\":{\"@type\":\"EntryPoint\",\"urlTemplate\":\"https:\/\/barcag.com\/online\/?s={search_term_string}\"},\"query-input\":{\"@type\":\"PropertyValueSpecification\",\"valueRequired\":true,\"valueName\":\"search_term_string\"}}],\"inLanguage\":\"tr\"},{\"@type\":\"Organization\",\"@id\":\"https:\/\/barcag.com\/online\/#organization\",\"name\":\"Bar\u00e7a\u011f Yaz\u0131l\u0131m\",\"url\":\"https:\/\/barcag.com\/online\/\",\"logo\":{\"@type\":\"ImageObject\",\"inLanguage\":\"tr\",\"@id\":\"https:\/\/barcag.com\/online\/#\/schema\/logo\/image\/\",\"url\":\"https:\/\/barcag.com\/online\/wp-content\/uploads\/2022\/03\/yenilogorenkli.svg\",\"contentUrl\":\"https:\/\/barcag.com\/online\/wp-content\/uploads\/2022\/03\/yenilogorenkli.svg\",\"width\":1,\"height\":1,\"caption\":\"Bar\u00e7a\u011f Yaz\u0131l\u0131m\"},\"image\":{\"@id\":\"https:\/\/barcag.com\/online\/#\/schema\/logo\/image\/\"}}]}<\/script>\n<!-- \/ Yoast SEO plugin. -->","yoast_head_json":{"title":"WordPress Site Kurulumu ve Ayarlar\u0131 (E\u011fitim Dahil) - Bar\u00e7a\u011f Yaz\u0131l\u0131m","description":"Wordpress alt yap\u0131l\u0131 site kurulumu ve gerekli t\u00fcm ayarlar\u0131n\u0131n yap\u0131lmas\u0131.  M\u00fc\u015fterinin talep sitenin Wordpress kurulumu ve gerekli t\u00fcm ayarlar\u0131n\u0131n yap\u0131lmas\u0131,  \u0130\u015flem talep edilmesi halinde ZOOM \u00fczerinden m\u00fc\u015fteri ile birlikte kurulacak olup i\u015flem sonras\u0131 i\u015flem ekran kayd\u0131 teslim edilecektir.","robots":{"index":"index","follow":"follow","max-snippet":"max-snippet:-1","max-image-preview":"max-image-preview:large","max-video-preview":"max-video-preview:-1"},"canonical":"https:\/\/barcag.com\/online\/urun\/wordpress-site-kurulumu-ve-ayarlari-egitim-dahil\/","og_locale":"tr_TR","og_type":"article","og_title":"WordPress Site Kurulumu ve Ayarlar\u0131 (E\u011fitim Dahil) - Bar\u00e7a\u011f Yaz\u0131l\u0131m","og_description":"Wordpress alt yap\u0131l\u0131 site kurulumu ve gerekli t\u00fcm ayarlar\u0131n\u0131n yap\u0131lmas\u0131.  M\u00fc\u015fterinin talep sitenin Wordpress kurulumu ve gerekli t\u00fcm ayarlar\u0131n\u0131n yap\u0131lmas\u0131,  \u0130\u015flem talep edilmesi halinde ZOOM \u00fczerinden m\u00fc\u015fteri ile birlikte kurulacak olup i\u015flem sonras\u0131 i\u015flem ekran kayd\u0131 teslim edilecektir.","og_url":"https:\/\/barcag.com\/online\/urun\/wordpress-site-kurulumu-ve-ayarlari-egitim-dahil\/","og_site_name":"Bar\u00e7a\u011f Yaz\u0131l\u0131m","article_modified_time":"2025-12-06T12:40:43+00:00","og_image":[{"width":1366,"height":768,"url":"http:\/\/barcag.com\/online\/wp-content\/uploads\/2021\/06\/Adsiz-tasarim-5.png","type":"image\/png"}],"twitter_card":"summary_large_image","twitter_misc":{"Tahmini okuma s\u00fcresi":"1 dakika"},"schema":{"@context":"https:\/\/schema.org","@graph":[{"@type":"WebPage","@id":"https:\/\/barcag.com\/online\/urun\/wordpress-site-kurulumu-ve-ayarlari-egitim-dahil\/","url":"https:\/\/barcag.com\/online\/urun\/wordpress-site-kurulumu-ve-ayarlari-egitim-dahil\/","name":"WordPress Site Kurulumu ve Ayarlar\u0131 (E\u011fitim Dahil) - Bar\u00e7a\u011f Yaz\u0131l\u0131m","isPartOf":{"@id":"https:\/\/barcag.com\/online\/#website"},"primaryImageOfPage":{"@id":"https:\/\/barcag.com\/online\/urun\/wordpress-site-kurulumu-ve-ayarlari-egitim-dahil\/#primaryimage"},"image":{"@id":"https:\/\/barcag.com\/online\/urun\/wordpress-site-kurulumu-ve-ayarlari-egitim-dahil\/#primaryimage"},"thumbnailUrl":"https:\/\/barcag.com\/online\/wp-content\/uploads\/2021\/06\/Adsiz-tasarim-5.png","datePublished":"2021-06-10T14:34:14+00:00","dateModified":"2025-12-06T12:40:43+00:00","description":"Wordpress alt yap\u0131l\u0131 site kurulumu ve gerekli t\u00fcm ayarlar\u0131n\u0131n yap\u0131lmas\u0131. M\u00fc\u015fterinin talep sitenin Wordpress kurulumu ve gerekli t\u00fcm ayarlar\u0131n\u0131n yap\u0131lmas\u0131, \u0130\u015flem talep edilmesi halinde ZOOM \u00fczerinden m\u00fc\u015fteri ile birlikte kurulacak olup i\u015flem sonras\u0131 i\u015flem ekran kayd\u0131 teslim edilecektir.","breadcrumb":{"@id":"https:\/\/barcag.com\/online\/urun\/wordpress-site-kurulumu-ve-ayarlari-egitim-dahil\/#breadcrumb"},"inLanguage":"tr","potentialAction":[{"@type":"ReadAction","target":["https:\/\/barcag.com\/online\/urun\/wordpress-site-kurulumu-ve-ayarlari-egitim-dahil\/"]}]},{"@type":"ImageObject","inLanguage":"tr","@id":"https:\/\/barcag.com\/online\/urun\/wordpress-site-kurulumu-ve-ayarlari-egitim-dahil\/#primaryimage","url":"https:\/\/barcag.com\/online\/wp-content\/uploads\/2021\/06\/Adsiz-tasarim-5.png","contentUrl":"https:\/\/barcag.com\/online\/wp-content\/uploads\/2021\/06\/Adsiz-tasarim-5.png","width":1366,"height":768,"caption":"WordPress Site Kurulumu ve Ayarlar\u0131 (E\u011fitim Dahil)"},{"@type":"BreadcrumbList","@id":"https:\/\/barcag.com\/online\/urun\/wordpress-site-kurulumu-ve-ayarlari-egitim-dahil\/#breadcrumb","itemListElement":[{"@type":"ListItem","position":1,"name":"Anasayfa","item":"https:\/\/barcag.com\/online\/"},{"@type":"ListItem","position":2,"name":"Hizmetler","item":"https:\/\/barcag.com\/online\/magaza\/"},{"@type":"ListItem","position":3,"name":"\u00d6zel \u00c7\u00f6z\u00fcmler","item":"https:\/\/barcag.com\/online\/urun-kategori\/hizmet\/"},{"@type":"ListItem","position":4,"name":"WordPress Site Kurulumu ve Ayarlar\u0131 (E\u011fitim Dahil)"}]},{"@type":"WebSite","@id":"https:\/\/barcag.com\/online\/#website","url":"https:\/\/barcag.com\/online\/","name":"Bar\u00e7a\u011f Yaz\u0131l\u0131m","description":"Online","publisher":{"@id":"https:\/\/barcag.com\/online\/#organization"},"potentialAction":[{"@type":"SearchAction","target":{"@type":"EntryPoint","urlTemplate":"https:\/\/barcag.com\/online\/?s={search_term_string}"},"query-input":{"@type":"PropertyValueSpecification","valueRequired":true,"valueName":"search_term_string"}}],"inLanguage":"tr"},{"@type":"Organization","@id":"https:\/\/barcag.com\/online\/#organization","name":"Bar\u00e7a\u011f Yaz\u0131l\u0131m","url":"https:\/\/barcag.com\/online\/","logo":{"@type":"ImageObject","inLanguage":"tr","@id":"https:\/\/barcag.com\/online\/#\/schema\/logo\/image\/","url":"https:\/\/barcag.com\/online\/wp-content\/uploads\/2022\/03\/yenilogorenkli.svg","contentUrl":"https:\/\/barcag.com\/online\/wp-content\/uploads\/2022\/03\/yenilogorenkli.svg","width":1,"height":1,"caption":"Bar\u00e7a\u011f Yaz\u0131l\u0131m"},"image":{"@id":"https:\/\/barcag.com\/online\/#\/schema\/logo\/image\/"}}]}},"_links":{"self":[{"href":"https:\/\/barcag.com\/online\/wp-json\/wp\/v2\/product\/406","targetHints":{"allow":["GET"]}}],"collection":[{"href":"https:\/\/barcag.com\/online\/wp-json\/wp\/v2\/product"}],"about":[{"href":"https:\/\/barcag.com\/online\/wp-json\/wp\/v2\/types\/product"}],"wp:featuredmedia":[{"embeddable":true,"href":"https:\/\/barcag.com\/online\/wp-json\/wp\/v2\/media\/412"}],"wp:attachment":[{"href":"https:\/\/barcag.com\/online\/wp-json\/wp\/v2\/media?parent=406"}],"wp:term":[{"taxonomy":"product_brand","embeddable":true,"href":"https:\/\/barcag.com\/online\/wp-json\/wp\/v2\/product_brand?post=406"},{"taxonomy":"product_cat","embeddable":true,"href":"https:\/\/barcag.com\/online\/wp-json\/wp\/v2\/product_cat?post=406"},{"taxonomy":"product_tag","embeddable":true,"href":"https:\/\/barcag.com\/online\/wp-json\/wp\/v2\/product_tag?post=406"}],"curies":[{"name":"wp","href":"https:\/\/api.w.org\/{rel}","templated":true}]}}