{"id":60,"date":"2021-06-08T10:52:59","date_gmt":"2021-06-08T07:52:59","guid":{"rendered":"https:\/\/barcag.com\/online\/?post_type=product&#038;p=60"},"modified":"2025-12-06T15:40:43","modified_gmt":"2025-12-06T12:40:43","slug":"google-search-console-kaydi","status":"publish","type":"product","link":"https:\/\/barcag.com\/online\/urun\/google-search-console-kaydi\/","title":{"rendered":"Google Search Console Kayd\u0131"},"content":{"rendered":"<p>M\u00fc\u015fteri taraf\u0131ndan belirtilen Google hesb\u0131na M\u00fc\u015fterini belirleyece\u011fi siteyi gerekli kay\u0131tlar\u0131n\u0131 yapmak ve gerekli ayarlar\u0131n yap\u0131lmas\u0131.<\/p>\n","protected":false},"excerpt":{"rendered":"<p>M\u00fc\u015fteri taraf\u0131ndan belirtilen Google hesb\u0131na M\u00fc\u015fterini belirleyece\u011fi siteyi gerekli kay\u0131tlar\u0131n\u0131 yapmak ve gerekli ayarlar\u0131n yap\u0131lmas\u0131.<\/p>\n","protected":false},"featured_media":214,"template":"","meta":{"inline_featured_image":false,"_joinchat":[]},"product_brand":[],"product_cat":[18],"product_tag":[],"class_list":{"0":"post-60","1":"product","2":"type-product","3":"status-publish","4":"has-post-thumbnail","6":"product_cat-hizmet","8":"first","9":"instock","10":"taxable","11":"shipping-taxable","12":"product-type-external"},"yoast_head":"<!-- This site is optimized with the Yoast SEO plugin v26.7 - https:\/\/yoast.com\/wordpress\/plugins\/seo\/ -->\n<title>Google Search Console Kayd\u0131 - Bar\u00e7a\u011f Yaz\u0131l\u0131m<\/title>\n<meta name=\"description\" content=\"M\u00fc\u015fteri taraf\u0131ndan belirtilen Google hesb\u0131na M\u00fc\u015fterini belirleyece\u011fi siteyi gerekli kay\u0131tlar\u0131n\u0131 yapmak ve gerekli ayarlar\u0131n yap\u0131lmas\u0131.\" \/>\n<meta name=\"robots\" content=\"index, follow, max-snippet:-1, max-image-preview:large, max-video-preview:-1\" \/>\n<link rel=\"canonical\" href=\"https:\/\/barcag.com\/online\/urun\/google-search-console-kaydi\/\" \/>\n<meta property=\"og:locale\" content=\"tr_TR\" \/>\n<meta property=\"og:type\" content=\"article\" \/>\n<meta property=\"og:title\" content=\"Google Search Console Kayd\u0131 - Bar\u00e7a\u011f Yaz\u0131l\u0131m\" \/>\n<meta property=\"og:description\" content=\"M\u00fc\u015fteri taraf\u0131ndan belirtilen Google hesb\u0131na M\u00fc\u015fterini belirleyece\u011fi siteyi gerekli kay\u0131tlar\u0131n\u0131 yapmak ve gerekli ayarlar\u0131n yap\u0131lmas\u0131.\" \/>\n<meta property=\"og:url\" content=\"https:\/\/barcag.com\/online\/urun\/google-search-console-kaydi\/\" \/>\n<meta property=\"og:site_name\" content=\"Bar\u00e7a\u011f Yaz\u0131l\u0131m\" \/>\n<meta property=\"article:modified_time\" content=\"2025-12-06T12:40:43+00:00\" \/>\n<meta property=\"og:image\" content=\"https:\/\/barcag.com\/online\/wp-content\/uploads\/2021\/06\/google-search-console_1153-1.jpg\" \/>\n\t<meta property=\"og:image:width\" content=\"1366\" \/>\n\t<meta property=\"og:image:height\" content=\"768\" \/>\n\t<meta property=\"og:image:type\" content=\"image\/jpeg\" \/>\n<meta name=\"twitter:card\" content=\"summary_large_image\" \/>\n<script type=\"application\/ld+json\" class=\"yoast-schema-graph\">{\"@context\":\"https:\/\/schema.org\",\"@graph\":[{\"@type\":\"WebPage\",\"@id\":\"https:\/\/barcag.com\/online\/urun\/google-search-console-kaydi\/\",\"url\":\"https:\/\/barcag.com\/online\/urun\/google-search-console-kaydi\/\",\"name\":\"Google Search Console Kayd\u0131 - Bar\u00e7a\u011f Yaz\u0131l\u0131m\",\"isPartOf\":{\"@id\":\"https:\/\/barcag.com\/online\/#website\"},\"primaryImageOfPage\":{\"@id\":\"https:\/\/barcag.com\/online\/urun\/google-search-console-kaydi\/#primaryimage\"},\"image\":{\"@id\":\"https:\/\/barcag.com\/online\/urun\/google-search-console-kaydi\/#primaryimage\"},\"thumbnailUrl\":\"https:\/\/barcag.com\/online\/wp-content\/uploads\/2021\/06\/google-search-console_1153-1.jpg\",\"datePublished\":\"2021-06-08T07:52:59+00:00\",\"dateModified\":\"2025-12-06T12:40:43+00:00\",\"description\":\"M\u00fc\u015fteri taraf\u0131ndan belirtilen Google hesb\u0131na M\u00fc\u015fterini belirleyece\u011fi siteyi gerekli kay\u0131tlar\u0131n\u0131 yapmak ve gerekli ayarlar\u0131n yap\u0131lmas\u0131.\",\"breadcrumb\":{\"@id\":\"https:\/\/barcag.com\/online\/urun\/google-search-console-kaydi\/#breadcrumb\"},\"inLanguage\":\"tr\",\"potentialAction\":[{\"@type\":\"ReadAction\",\"target\":[\"https:\/\/barcag.com\/online\/urun\/google-search-console-kaydi\/\"]}]},{\"@type\":\"ImageObject\",\"inLanguage\":\"tr\",\"@id\":\"https:\/\/barcag.com\/online\/urun\/google-search-console-kaydi\/#primaryimage\",\"url\":\"https:\/\/barcag.com\/online\/wp-content\/uploads\/2021\/06\/google-search-console_1153-1.jpg\",\"contentUrl\":\"https:\/\/barcag.com\/online\/wp-content\/uploads\/2021\/06\/google-search-console_1153-1.jpg\",\"width\":1366,\"height\":768,\"caption\":\"BAR\u00c7A\u011e YAZILIM\"},{\"@type\":\"BreadcrumbList\",\"@id\":\"https:\/\/barcag.com\/online\/urun\/google-search-console-kaydi\/#breadcrumb\",\"itemListElement\":[{\"@type\":\"ListItem\",\"position\":1,\"name\":\"Anasayfa\",\"item\":\"https:\/\/barcag.com\/online\/\"},{\"@type\":\"ListItem\",\"position\":2,\"name\":\"Hizmetler\",\"item\":\"https:\/\/barcag.com\/online\/magaza\/\"},{\"@type\":\"ListItem\",\"position\":3,\"name\":\"\u00d6zel \u00c7\u00f6z\u00fcmler\",\"item\":\"https:\/\/barcag.com\/online\/urun-kategori\/hizmet\/\"},{\"@type\":\"ListItem\",\"position\":4,\"name\":\"Google Search Console Kayd\u0131\"}]},{\"@type\":\"WebSite\",\"@id\":\"https:\/\/barcag.com\/online\/#website\",\"url\":\"https:\/\/barcag.com\/online\/\",\"name\":\"Bar\u00e7a\u011f Yaz\u0131l\u0131m\",\"description\":\"Online\",\"publisher\":{\"@id\":\"https:\/\/barcag.com\/online\/#organization\"},\"potentialAction\":[{\"@type\":\"SearchAction\",\"target\":{\"@type\":\"EntryPoint\",\"urlTemplate\":\"https:\/\/barcag.com\/online\/?s={search_term_string}\"},\"query-input\":{\"@type\":\"PropertyValueSpecification\",\"valueRequired\":true,\"valueName\":\"search_term_string\"}}],\"inLanguage\":\"tr\"},{\"@type\":\"Organization\",\"@id\":\"https:\/\/barcag.com\/online\/#organization\",\"name\":\"Bar\u00e7a\u011f Yaz\u0131l\u0131m\",\"url\":\"https:\/\/barcag.com\/online\/\",\"logo\":{\"@type\":\"ImageObject\",\"inLanguage\":\"tr\",\"@id\":\"https:\/\/barcag.com\/online\/#\/schema\/logo\/image\/\",\"url\":\"https:\/\/barcag.com\/online\/wp-content\/uploads\/2022\/03\/yenilogorenkli.svg\",\"contentUrl\":\"https:\/\/barcag.com\/online\/wp-content\/uploads\/2022\/03\/yenilogorenkli.svg\",\"width\":1,\"height\":1,\"caption\":\"Bar\u00e7a\u011f Yaz\u0131l\u0131m\"},\"image\":{\"@id\":\"https:\/\/barcag.com\/online\/#\/schema\/logo\/image\/\"}}]}<\/script>\n<!-- \/ Yoast SEO plugin. -->","yoast_head_json":{"title":"Google Search Console Kayd\u0131 - Bar\u00e7a\u011f Yaz\u0131l\u0131m","description":"M\u00fc\u015fteri taraf\u0131ndan belirtilen Google hesb\u0131na M\u00fc\u015fterini belirleyece\u011fi siteyi gerekli kay\u0131tlar\u0131n\u0131 yapmak ve gerekli ayarlar\u0131n yap\u0131lmas\u0131.","robots":{"index":"index","follow":"follow","max-snippet":"max-snippet:-1","max-image-preview":"max-image-preview:large","max-video-preview":"max-video-preview:-1"},"canonical":"https:\/\/barcag.com\/online\/urun\/google-search-console-kaydi\/","og_locale":"tr_TR","og_type":"article","og_title":"Google Search Console Kayd\u0131 - Bar\u00e7a\u011f Yaz\u0131l\u0131m","og_description":"M\u00fc\u015fteri taraf\u0131ndan belirtilen Google hesb\u0131na M\u00fc\u015fterini belirleyece\u011fi siteyi gerekli kay\u0131tlar\u0131n\u0131 yapmak ve gerekli ayarlar\u0131n yap\u0131lmas\u0131.","og_url":"https:\/\/barcag.com\/online\/urun\/google-search-console-kaydi\/","og_site_name":"Bar\u00e7a\u011f Yaz\u0131l\u0131m","article_modified_time":"2025-12-06T12:40:43+00:00","og_image":[{"width":1366,"height":768,"url":"https:\/\/barcag.com\/online\/wp-content\/uploads\/2021\/06\/google-search-console_1153-1.jpg","type":"image\/jpeg"}],"twitter_card":"summary_large_image","schema":{"@context":"https:\/\/schema.org","@graph":[{"@type":"WebPage","@id":"https:\/\/barcag.com\/online\/urun\/google-search-console-kaydi\/","url":"https:\/\/barcag.com\/online\/urun\/google-search-console-kaydi\/","name":"Google Search Console Kayd\u0131 - Bar\u00e7a\u011f Yaz\u0131l\u0131m","isPartOf":{"@id":"https:\/\/barcag.com\/online\/#website"},"primaryImageOfPage":{"@id":"https:\/\/barcag.com\/online\/urun\/google-search-console-kaydi\/#primaryimage"},"image":{"@id":"https:\/\/barcag.com\/online\/urun\/google-search-console-kaydi\/#primaryimage"},"thumbnailUrl":"https:\/\/barcag.com\/online\/wp-content\/uploads\/2021\/06\/google-search-console_1153-1.jpg","datePublished":"2021-06-08T07:52:59+00:00","dateModified":"2025-12-06T12:40:43+00:00","description":"M\u00fc\u015fteri taraf\u0131ndan belirtilen Google hesb\u0131na M\u00fc\u015fterini belirleyece\u011fi siteyi gerekli kay\u0131tlar\u0131n\u0131 yapmak ve gerekli ayarlar\u0131n yap\u0131lmas\u0131.","breadcrumb":{"@id":"https:\/\/barcag.com\/online\/urun\/google-search-console-kaydi\/#breadcrumb"},"inLanguage":"tr","potentialAction":[{"@type":"ReadAction","target":["https:\/\/barcag.com\/online\/urun\/google-search-console-kaydi\/"]}]},{"@type":"ImageObject","inLanguage":"tr","@id":"https:\/\/barcag.com\/online\/urun\/google-search-console-kaydi\/#primaryimage","url":"https:\/\/barcag.com\/online\/wp-content\/uploads\/2021\/06\/google-search-console_1153-1.jpg","contentUrl":"https:\/\/barcag.com\/online\/wp-content\/uploads\/2021\/06\/google-search-console_1153-1.jpg","width":1366,"height":768,"caption":"BAR\u00c7A\u011e YAZILIM"},{"@type":"BreadcrumbList","@id":"https:\/\/barcag.com\/online\/urun\/google-search-console-kaydi\/#breadcrumb","itemListElement":[{"@type":"ListItem","position":1,"name":"Anasayfa","item":"https:\/\/barcag.com\/online\/"},{"@type":"ListItem","position":2,"name":"Hizmetler","item":"https:\/\/barcag.com\/online\/magaza\/"},{"@type":"ListItem","position":3,"name":"\u00d6zel \u00c7\u00f6z\u00fcmler","item":"https:\/\/barcag.com\/online\/urun-kategori\/hizmet\/"},{"@type":"ListItem","position":4,"name":"Google Search Console Kayd\u0131"}]},{"@type":"WebSite","@id":"https:\/\/barcag.com\/online\/#website","url":"https:\/\/barcag.com\/online\/","name":"Bar\u00e7a\u011f Yaz\u0131l\u0131m","description":"Online","publisher":{"@id":"https:\/\/barcag.com\/online\/#organization"},"potentialAction":[{"@type":"SearchAction","target":{"@type":"EntryPoint","urlTemplate":"https:\/\/barcag.com\/online\/?s={search_term_string}"},"query-input":{"@type":"PropertyValueSpecification","valueRequired":true,"valueName":"search_term_string"}}],"inLanguage":"tr"},{"@type":"Organization","@id":"https:\/\/barcag.com\/online\/#organization","name":"Bar\u00e7a\u011f Yaz\u0131l\u0131m","url":"https:\/\/barcag.com\/online\/","logo":{"@type":"ImageObject","inLanguage":"tr","@id":"https:\/\/barcag.com\/online\/#\/schema\/logo\/image\/","url":"https:\/\/barcag.com\/online\/wp-content\/uploads\/2022\/03\/yenilogorenkli.svg","contentUrl":"https:\/\/barcag.com\/online\/wp-content\/uploads\/2022\/03\/yenilogorenkli.svg","width":1,"height":1,"caption":"Bar\u00e7a\u011f Yaz\u0131l\u0131m"},"image":{"@id":"https:\/\/barcag.com\/online\/#\/schema\/logo\/image\/"}}]}},"_links":{"self":[{"href":"https:\/\/barcag.com\/online\/wp-json\/wp\/v2\/product\/60","targetHints":{"allow":["GET"]}}],"collection":[{"href":"https:\/\/barcag.com\/online\/wp-json\/wp\/v2\/product"}],"about":[{"href":"https:\/\/barcag.com\/online\/wp-json\/wp\/v2\/types\/product"}],"wp:featuredmedia":[{"embeddable":true,"href":"https:\/\/barcag.com\/online\/wp-json\/wp\/v2\/media\/214"}],"wp:attachment":[{"href":"https:\/\/barcag.com\/online\/wp-json\/wp\/v2\/media?parent=60"}],"wp:term":[{"taxonomy":"product_brand","embeddable":true,"href":"https:\/\/barcag.com\/online\/wp-json\/wp\/v2\/product_brand?post=60"},{"taxonomy":"product_cat","embeddable":true,"href":"https:\/\/barcag.com\/online\/wp-json\/wp\/v2\/product_cat?post=60"},{"taxonomy":"product_tag","embeddable":true,"href":"https:\/\/barcag.com\/online\/wp-json\/wp\/v2\/product_tag?post=60"}],"curies":[{"name":"wp","href":"https:\/\/api.w.org\/{rel}","templated":true}]}}